{"id":1219,"date":"2022-12-06T16:39:16","date_gmt":"2022-12-06T15:39:16","guid":{"rendered":"https:\/\/yannlazoo.art\/?page_id=1219"},"modified":"2022-12-24T14:21:39","modified_gmt":"2022-12-24T13:21:39","slug":"affiches","status":"publish","type":"page","link":"https:\/\/yannlazoo.art\/?page_id=1219","title":{"rendered":"Affiches &#038; Flyers"},"content":{"rendered":"\t\t<div data-elementor-type=\"wp-page\" data-elementor-id=\"1219\" class=\"elementor elementor-1219\" data-elementor-post-type=\"page\">\n\t\t\t\t\t\t<section class=\"elementor-section elementor-top-section elementor-element elementor-element-8edfcea elementor-section-boxed elementor-section-height-default elementor-section-height-default\" data-id=\"8edfcea\" data-element_type=\"section\" data-e-type=\"section\">\n\t\t\t\t\t\t<div class=\"elementor-container elementor-column-gap-default\">\n\t\t\t\t\t<div class=\"elementor-column elementor-col-100 elementor-top-column elementor-element elementor-element-31b5754\" data-id=\"31b5754\" data-element_type=\"column\" data-e-type=\"column\">\n\t\t\t<div class=\"elementor-widget-wrap elementor-element-populated\">\n\t\t\t\t\t\t<div class=\"elementor-element elementor-element-deb8244 elementor-widget elementor-widget-spacer\" data-id=\"deb8244\" data-element_type=\"widget\" data-e-type=\"widget\" data-widget_type=\"spacer.default\">\n\t\t\t\t<div class=\"elementor-widget-container\">\n\t\t\t\t\t\t\t<div class=\"elementor-spacer\">\n\t\t\t<div class=\"elementor-spacer-inner\"><\/div>\n\t\t<\/div>\n\t\t\t\t\t\t<\/div>\n\t\t\t\t<\/div>\n\t\t\t\t\t<\/div>\n\t\t<\/div>\n\t\t\t\t\t<\/div>\n\t\t<\/section>\n\t\t\t\t<section class=\"elementor-section elementor-top-section elementor-element elementor-element-f14a889 elementor-section-boxed elementor-section-height-default elementor-section-height-default\" data-id=\"f14a889\" data-element_type=\"section\" data-e-type=\"section\">\n\t\t\t\t\t\t<div class=\"elementor-container elementor-column-gap-default\">\n\t\t\t\t\t<div class=\"elementor-column elementor-col-100 elementor-top-column elementor-element elementor-element-b941c3e\" data-id=\"b941c3e\" data-element_type=\"column\" data-e-type=\"column\">\n\t\t\t<div class=\"elementor-widget-wrap elementor-element-populated\">\n\t\t\t\t\t\t<div class=\"elementor-element elementor-element-84d81e4 elementor-widget elementor-widget-heading\" data-id=\"84d81e4\" data-element_type=\"widget\" data-e-type=\"widget\" data-widget_type=\"heading.default\">\n\t\t\t\t<div class=\"elementor-widget-container\">\n\t\t\t\t\t<h2 class=\"elementor-heading-title elementor-size-default\">Affiches &amp; Flyers<\/h2>\t\t\t\t<\/div>\n\t\t\t\t<\/div>\n\t\t\t\t\t<\/div>\n\t\t<\/div>\n\t\t\t\t\t<\/div>\n\t\t<\/section>\n\t\t\t\t<section class=\"elementor-section elementor-top-section elementor-element elementor-element-9d1202e elementor-section-boxed elementor-section-height-default elementor-section-height-default\" data-id=\"9d1202e\" data-element_type=\"section\" data-e-type=\"section\">\n\t\t\t\t\t\t<div class=\"elementor-container elementor-column-gap-default\">\n\t\t\t\t\t<div class=\"elementor-column elementor-col-100 elementor-top-column elementor-element elementor-element-b0fa967\" data-id=\"b0fa967\" data-element_type=\"column\" data-e-type=\"column\">\n\t\t\t<div class=\"elementor-widget-wrap elementor-element-populated\">\n\t\t\t\t\t\t<div class=\"elementor-element elementor-element-8a994c5 elementor-widget-divider--view-line elementor-widget elementor-widget-divider\" data-id=\"8a994c5\" data-element_type=\"widget\" data-e-type=\"widget\" data-widget_type=\"divider.default\">\n\t\t\t\t<div class=\"elementor-widget-container\">\n\t\t\t\t\t\t\t<div class=\"elementor-divider\">\n\t\t\t<span class=\"elementor-divider-separator\">\n\t\t\t\t\t\t<\/span>\n\t\t<\/div>\n\t\t\t\t\t\t<\/div>\n\t\t\t\t<\/div>\n\t\t\t\t\t<\/div>\n\t\t<\/div>\n\t\t\t\t\t<\/div>\n\t\t<\/section>\n\t\t\t\t<section class=\"elementor-section elementor-top-section elementor-element elementor-element-9b21061 elementor-section-boxed elementor-section-height-default elementor-section-height-default\" data-id=\"9b21061\" data-element_type=\"section\" data-e-type=\"section\">\n\t\t\t\t\t\t<div class=\"elementor-container elementor-column-gap-default\">\n\t\t\t\t\t<div class=\"elementor-column elementor-col-100 elementor-top-column elementor-element elementor-element-901f95d\" data-id=\"901f95d\" data-element_type=\"column\" data-e-type=\"column\">\n\t\t\t<div class=\"elementor-widget-wrap elementor-element-populated\">\n\t\t\t\t\t\t<div class=\"elementor-element elementor-element-3eeb455 elementor-widget elementor-widget-text-editor\" data-id=\"3eeb455\" data-element_type=\"widget\" data-e-type=\"widget\" data-widget_type=\"text-editor.default\">\n\t\t\t\t<div class=\"elementor-widget-container\">\n\t\t\t\t\t\t\t\t\t<p class=\"western\" align=\"left\"><span style=\"font-family: ArialMT, sans-serif;\"><span style=\"font-size: small;\">Les visuels d\u2019\u00e9v\u00e8nements, affiches et flyers sont ici rassembl\u00e9s sur une p\u00e9riode de 30 ans.<\/span><\/span><\/p>\t\t\t\t\t\t\t\t<\/div>\n\t\t\t\t<\/div>\n\t\t\t\t\t<\/div>\n\t\t<\/div>\n\t\t\t\t\t<\/div>\n\t\t<\/section>\n\t\t\t\t<section class=\"elementor-section elementor-top-section elementor-element elementor-element-145cb77 elementor-section-boxed elementor-section-height-default elementor-section-height-default\" data-id=\"145cb77\" data-element_type=\"section\" data-e-type=\"section\">\n\t\t\t\t\t\t<div class=\"elementor-container elementor-column-gap-default\">\n\t\t\t\t\t<div class=\"elementor-column elementor-col-100 elementor-top-column elementor-element elementor-element-8e03b60\" data-id=\"8e03b60\" data-element_type=\"column\" data-e-type=\"column\">\n\t\t\t<div class=\"elementor-widget-wrap elementor-element-populated\">\n\t\t\t\t\t\t<div class=\"elementor-element elementor-element-08aab89 elementor-widget elementor-widget-gallery\" data-id=\"08aab89\" data-element_type=\"widget\" data-e-type=\"widget\" data-settings=\"{&quot;gallery_layout&quot;:&quot;justified&quot;,&quot;gap&quot;:{&quot;unit&quot;:&quot;px&quot;,&quot;size&quot;:20,&quot;sizes&quot;:[]},&quot;lazyload&quot;:&quot;yes&quot;,&quot;ideal_row_height&quot;:{&quot;unit&quot;:&quot;px&quot;,&quot;size&quot;:200,&quot;sizes&quot;:[]},&quot;ideal_row_height_tablet&quot;:{&quot;unit&quot;:&quot;px&quot;,&quot;size&quot;:150,&quot;sizes&quot;:[]},&quot;ideal_row_height_mobile&quot;:{&quot;unit&quot;:&quot;px&quot;,&quot;size&quot;:150,&quot;sizes&quot;:[]},&quot;gap_tablet&quot;:{&quot;unit&quot;:&quot;px&quot;,&quot;size&quot;:10,&quot;sizes&quot;:[]},&quot;gap_mobile&quot;:{&quot;unit&quot;:&quot;px&quot;,&quot;size&quot;:10,&quot;sizes&quot;:[]},&quot;link_to&quot;:&quot;file&quot;,&quot;overlay_background&quot;:&quot;yes&quot;,&quot;content_hover_animation&quot;:&quot;fade-in&quot;}\" data-widget_type=\"gallery.default\">\n\t\t\t\t<div class=\"elementor-widget-container\">\n\t\t\t\t\t\t\t<div class=\"elementor-gallery__container\">\n\t\t\t\t\t\t\t<a class=\"e-gallery-item elementor-gallery-item elementor-animated-content\" href=\"https:\/\/yannlazoo.art\/wp-content\/uploads\/2022\/12\/afficheDalton.jpg\" data-elementor-open-lightbox=\"yes\" data-elementor-lightbox-slideshow=\"08aab89\" data-elementor-lightbox-title=\"afficheDalton\" data-e-action-hash=\"#elementor-action%3Aaction%3Dlightbox%26settings%3DeyJpZCI6MTIyMSwidXJsIjoiaHR0cHM6XC9cL3lhbm5sYXpvby5hcnRcL3dwLWNvbnRlbnRcL3VwbG9hZHNcLzIwMjJcLzEyXC9hZmZpY2hlRGFsdG9uLmpwZyIsInNsaWRlc2hvdyI6IjA4YWFiODkifQ%3D%3D\">\n\t\t\t\t\t<div class=\"e-gallery-image elementor-gallery-item__image\" data-thumbnail=\"https:\/\/yannlazoo.art\/wp-content\/uploads\/2022\/12\/afficheDalton.jpg\" data-width=\"514\" data-height=\"720\" aria-label=\"\" role=\"img\" ><\/div>\n\t\t\t\t\t\t\t\t\t\t\t<div class=\"elementor-gallery-item__overlay\"><\/div>\n\t\t\t\t\t\t\t\t\t\t\t\t\t\t<\/a>\n\t\t\t\t\t\t\t<a class=\"e-gallery-item elementor-gallery-item elementor-animated-content\" href=\"https:\/\/yannlazoo.art\/wp-content\/uploads\/2022\/12\/Bainsdouches.jpg\" data-elementor-open-lightbox=\"yes\" data-elementor-lightbox-slideshow=\"08aab89\" data-elementor-lightbox-title=\"Bainsdouches\" data-e-action-hash=\"#elementor-action%3Aaction%3Dlightbox%26settings%3DeyJpZCI6MTIyMiwidXJsIjoiaHR0cHM6XC9cL3lhbm5sYXpvby5hcnRcL3dwLWNvbnRlbnRcL3VwbG9hZHNcLzIwMjJcLzEyXC9CYWluc2RvdWNoZXMuanBnIiwic2xpZGVzaG93IjoiMDhhYWI4OSJ9\">\n\t\t\t\t\t<div class=\"e-gallery-image elementor-gallery-item__image\" data-thumbnail=\"https:\/\/yannlazoo.art\/wp-content\/uploads\/2022\/12\/Bainsdouches-768x553.jpg\" data-width=\"768\" data-height=\"553\" aria-label=\"\" role=\"img\" ><\/div>\n\t\t\t\t\t\t\t\t\t\t\t<div class=\"elementor-gallery-item__overlay\"><\/div>\n\t\t\t\t\t\t\t\t\t\t\t\t\t\t<\/a>\n\t\t\t\t\t\t\t<a class=\"e-gallery-item elementor-gallery-item elementor-animated-content\" href=\"https:\/\/yannlazoo.art\/wp-content\/uploads\/2022\/12\/6BCflyer93-scaled.jpg\" data-elementor-open-lightbox=\"yes\" data-elementor-lightbox-slideshow=\"08aab89\" data-elementor-lightbox-title=\"6BCflyer93\" data-e-action-hash=\"#elementor-action%3Aaction%3Dlightbox%26settings%3DeyJpZCI6MTIyNCwidXJsIjoiaHR0cHM6XC9cL3lhbm5sYXpvby5hcnRcL3dwLWNvbnRlbnRcL3VwbG9hZHNcLzIwMjJcLzEyXC82QkNmbHllcjkzLXNjYWxlZC5qcGciLCJzbGlkZXNob3ciOiIwOGFhYjg5In0%3D\">\n\t\t\t\t\t<div class=\"e-gallery-image elementor-gallery-item__image\" data-thumbnail=\"https:\/\/yannlazoo.art\/wp-content\/uploads\/2022\/12\/6BCflyer93-768x1152.jpg\" data-width=\"768\" data-height=\"1152\" aria-label=\"\" role=\"img\" ><\/div>\n\t\t\t\t\t\t\t\t\t\t\t<div class=\"elementor-gallery-item__overlay\"><\/div>\n\t\t\t\t\t\t\t\t\t\t\t\t\t\t<\/a>\n\t\t\t\t\t\t\t<a class=\"e-gallery-item elementor-gallery-item elementor-animated-content\" href=\"https:\/\/yannlazoo.art\/wp-content\/uploads\/2022\/12\/visuelBIG2019def.jpg\" data-elementor-open-lightbox=\"yes\" data-elementor-lightbox-slideshow=\"08aab89\" data-elementor-lightbox-title=\"visuelBIG2019def\" data-e-action-hash=\"#elementor-action%3Aaction%3Dlightbox%26settings%3DeyJpZCI6MTIyNywidXJsIjoiaHR0cHM6XC9cL3lhbm5sYXpvby5hcnRcL3dwLWNvbnRlbnRcL3VwbG9hZHNcLzIwMjJcLzEyXC92aXN1ZWxCSUcyMDE5ZGVmLmpwZyIsInNsaWRlc2hvdyI6IjA4YWFiODkifQ%3D%3D\">\n\t\t\t\t\t<div class=\"e-gallery-image elementor-gallery-item__image\" data-thumbnail=\"https:\/\/yannlazoo.art\/wp-content\/uploads\/2022\/12\/visuelBIG2019def-768x1001.jpg\" data-width=\"768\" data-height=\"1001\" aria-label=\"\" role=\"img\" ><\/div>\n\t\t\t\t\t\t\t\t\t\t\t<div class=\"elementor-gallery-item__overlay\"><\/div>\n\t\t\t\t\t\t\t\t\t\t\t\t\t\t<\/a>\n\t\t\t\t\t\t\t<a class=\"e-gallery-item elementor-gallery-item elementor-animated-content\" href=\"https:\/\/yannlazoo.art\/wp-content\/uploads\/2022\/12\/07visuelfestivalS2S.jpg\" data-elementor-open-lightbox=\"yes\" data-elementor-lightbox-slideshow=\"08aab89\" data-elementor-lightbox-title=\"07visuelfestivalS2S\" data-e-action-hash=\"#elementor-action%3Aaction%3Dlightbox%26settings%3DeyJpZCI6MTIyOSwidXJsIjoiaHR0cHM6XC9cL3lhbm5sYXpvby5hcnRcL3dwLWNvbnRlbnRcL3VwbG9hZHNcLzIwMjJcLzEyXC8wN3Zpc3VlbGZlc3RpdmFsUzJTLmpwZyIsInNsaWRlc2hvdyI6IjA4YWFiODkifQ%3D%3D\">\n\t\t\t\t\t<div class=\"e-gallery-image elementor-gallery-item__image\" data-thumbnail=\"https:\/\/yannlazoo.art\/wp-content\/uploads\/2022\/12\/07visuelfestivalS2S-768x922.jpg\" data-width=\"768\" data-height=\"922\" aria-label=\"\" role=\"img\" ><\/div>\n\t\t\t\t\t\t\t\t\t\t\t<div class=\"elementor-gallery-item__overlay\"><\/div>\n\t\t\t\t\t\t\t\t\t\t\t\t\t\t<\/a>\n\t\t\t\t\t\t\t<a class=\"e-gallery-item elementor-gallery-item elementor-animated-content\" href=\"https:\/\/yannlazoo.art\/wp-content\/uploads\/2022\/12\/A3portes-ouvertes2017-scaled.jpg\" data-elementor-open-lightbox=\"yes\" data-elementor-lightbox-slideshow=\"08aab89\" data-elementor-lightbox-title=\"A3portes ouvertes2017\" data-e-action-hash=\"#elementor-action%3Aaction%3Dlightbox%26settings%3DeyJpZCI6MTIzMCwidXJsIjoiaHR0cHM6XC9cL3lhbm5sYXpvby5hcnRcL3dwLWNvbnRlbnRcL3VwbG9hZHNcLzIwMjJcLzEyXC9BM3BvcnRlcy1vdXZlcnRlczIwMTctc2NhbGVkLmpwZyIsInNsaWRlc2hvdyI6IjA4YWFiODkifQ%3D%3D\">\n\t\t\t\t\t<div class=\"e-gallery-image elementor-gallery-item__image\" data-thumbnail=\"https:\/\/yannlazoo.art\/wp-content\/uploads\/2022\/12\/A3portes-ouvertes2017-768x1088.jpg\" data-width=\"768\" data-height=\"1088\" aria-label=\"\" role=\"img\" ><\/div>\n\t\t\t\t\t\t\t\t\t\t\t<div class=\"elementor-gallery-item__overlay\"><\/div>\n\t\t\t\t\t\t\t\t\t\t\t\t\t\t<\/a>\n\t\t\t\t\t\t\t<a class=\"e-gallery-item elementor-gallery-item elementor-animated-content\" href=\"https:\/\/yannlazoo.art\/wp-content\/uploads\/2022\/12\/AU2017Horizontal.jpg\" data-elementor-open-lightbox=\"yes\" data-elementor-lightbox-slideshow=\"08aab89\" data-elementor-lightbox-title=\"AU2017Horizontal\" data-e-action-hash=\"#elementor-action%3Aaction%3Dlightbox%26settings%3DeyJpZCI6MTIzMiwidXJsIjoiaHR0cHM6XC9cL3lhbm5sYXpvby5hcnRcL3dwLWNvbnRlbnRcL3VwbG9hZHNcLzIwMjJcLzEyXC9BVTIwMTdIb3Jpem9udGFsLmpwZyIsInNsaWRlc2hvdyI6IjA4YWFiODkifQ%3D%3D\">\n\t\t\t\t\t<div class=\"e-gallery-image elementor-gallery-item__image\" data-thumbnail=\"https:\/\/yannlazoo.art\/wp-content\/uploads\/2022\/12\/AU2017Horizontal-768x597.jpg\" data-width=\"768\" data-height=\"597\" aria-label=\"\" role=\"img\" ><\/div>\n\t\t\t\t\t\t\t\t\t\t\t<div class=\"elementor-gallery-item__overlay\"><\/div>\n\t\t\t\t\t\t\t\t\t\t\t\t\t\t<\/a>\n\t\t\t\t\t\t\t<a class=\"e-gallery-item elementor-gallery-item elementor-animated-content\" href=\"https:\/\/yannlazoo.art\/wp-content\/uploads\/2022\/12\/AU2017vertical.jpg\" data-elementor-open-lightbox=\"yes\" data-elementor-lightbox-slideshow=\"08aab89\" data-elementor-lightbox-title=\"AU2017vertical\" data-e-action-hash=\"#elementor-action%3Aaction%3Dlightbox%26settings%3DeyJpZCI6MTIzMywidXJsIjoiaHR0cHM6XC9cL3lhbm5sYXpvby5hcnRcL3dwLWNvbnRlbnRcL3VwbG9hZHNcLzIwMjJcLzEyXC9BVTIwMTd2ZXJ0aWNhbC5qcGciLCJzbGlkZXNob3ciOiIwOGFhYjg5In0%3D\">\n\t\t\t\t\t<div class=\"e-gallery-image elementor-gallery-item__image\" data-thumbnail=\"https:\/\/yannlazoo.art\/wp-content\/uploads\/2022\/12\/AU2017vertical-768x1067.jpg\" data-width=\"768\" data-height=\"1067\" aria-label=\"\" role=\"img\" ><\/div>\n\t\t\t\t\t\t\t\t\t\t\t<div class=\"elementor-gallery-item__overlay\"><\/div>\n\t\t\t\t\t\t\t\t\t\t\t\t\t\t<\/a>\n\t\t\t\t\t\t\t<a class=\"e-gallery-item elementor-gallery-item elementor-animated-content\" href=\"https:\/\/yannlazoo.art\/wp-content\/uploads\/2022\/12\/flyer1015BC.jpg\" data-elementor-open-lightbox=\"yes\" data-elementor-lightbox-slideshow=\"08aab89\" data-elementor-lightbox-title=\"flyer1015BC\" data-e-action-hash=\"#elementor-action%3Aaction%3Dlightbox%26settings%3DeyJpZCI6MTIzNCwidXJsIjoiaHR0cHM6XC9cL3lhbm5sYXpvby5hcnRcL3dwLWNvbnRlbnRcL3VwbG9hZHNcLzIwMjJcLzEyXC9mbHllcjEwMTVCQy5qcGciLCJzbGlkZXNob3ciOiIwOGFhYjg5In0%3D\">\n\t\t\t\t\t<div class=\"e-gallery-image elementor-gallery-item__image\" data-thumbnail=\"https:\/\/yannlazoo.art\/wp-content\/uploads\/2022\/12\/flyer1015BC-768x512.jpg\" data-width=\"768\" data-height=\"512\" aria-label=\"\" role=\"img\" ><\/div>\n\t\t\t\t\t\t\t\t\t\t\t<div class=\"elementor-gallery-item__overlay\"><\/div>\n\t\t\t\t\t\t\t\t\t\t\t\t\t\t<\/a>\n\t\t\t\t\t\t\t<a class=\"e-gallery-item elementor-gallery-item elementor-animated-content\" href=\"https:\/\/yannlazoo.art\/wp-content\/uploads\/2022\/12\/flyerCREAMTIMEWEB.jpg\" data-elementor-open-lightbox=\"yes\" data-elementor-lightbox-slideshow=\"08aab89\" data-elementor-lightbox-title=\"flyerCREAMTIMEWEB\" data-e-action-hash=\"#elementor-action%3Aaction%3Dlightbox%26settings%3DeyJpZCI6MTIzNSwidXJsIjoiaHR0cHM6XC9cL3lhbm5sYXpvby5hcnRcL3dwLWNvbnRlbnRcL3VwbG9hZHNcLzIwMjJcLzEyXC9mbHllckNSRUFNVElNRVdFQi5qcGciLCJzbGlkZXNob3ciOiIwOGFhYjg5In0%3D\">\n\t\t\t\t\t<div class=\"e-gallery-image elementor-gallery-item__image\" data-thumbnail=\"https:\/\/yannlazoo.art\/wp-content\/uploads\/2022\/12\/flyerCREAMTIMEWEB-768x541.jpg\" data-width=\"768\" data-height=\"541\" aria-label=\"\" role=\"img\" ><\/div>\n\t\t\t\t\t\t\t\t\t\t\t<div class=\"elementor-gallery-item__overlay\"><\/div>\n\t\t\t\t\t\t\t\t\t\t\t\t\t\t<\/a>\n\t\t\t\t\t\t\t<a class=\"e-gallery-item elementor-gallery-item elementor-animated-content\" href=\"https:\/\/yannlazoo.art\/wp-content\/uploads\/2022\/12\/flyergareXP2-scaled.jpg\" data-elementor-open-lightbox=\"yes\" data-elementor-lightbox-slideshow=\"08aab89\" data-elementor-lightbox-title=\"flyergareXP2\" data-e-action-hash=\"#elementor-action%3Aaction%3Dlightbox%26settings%3DeyJpZCI6MTIzNiwidXJsIjoiaHR0cHM6XC9cL3lhbm5sYXpvby5hcnRcL3dwLWNvbnRlbnRcL3VwbG9hZHNcLzIwMjJcLzEyXC9mbHllcmdhcmVYUDItc2NhbGVkLmpwZyIsInNsaWRlc2hvdyI6IjA4YWFiODkifQ%3D%3D\">\n\t\t\t\t\t<div class=\"e-gallery-image elementor-gallery-item__image\" data-thumbnail=\"https:\/\/yannlazoo.art\/wp-content\/uploads\/2022\/12\/flyergareXP2-768x1086.jpg\" data-width=\"768\" data-height=\"1086\" aria-label=\"\" role=\"img\" ><\/div>\n\t\t\t\t\t\t\t\t\t\t\t<div class=\"elementor-gallery-item__overlay\"><\/div>\n\t\t\t\t\t\t\t\t\t\t\t\t\t\t<\/a>\n\t\t\t\t\t\t\t<a class=\"e-gallery-item elementor-gallery-item elementor-animated-content\" href=\"https:\/\/yannlazoo.art\/wp-content\/uploads\/2022\/12\/GRAFFITI-BBC-A4-Web.jpg\" data-elementor-open-lightbox=\"yes\" data-elementor-lightbox-slideshow=\"08aab89\" data-elementor-lightbox-title=\"CMJN de base\" data-e-action-hash=\"#elementor-action%3Aaction%3Dlightbox%26settings%3DeyJpZCI6MTIzNywidXJsIjoiaHR0cHM6XC9cL3lhbm5sYXpvby5hcnRcL3dwLWNvbnRlbnRcL3VwbG9hZHNcLzIwMjJcLzEyXC9HUkFGRklUSS1CQkMtQTQtV2ViLmpwZyIsInNsaWRlc2hvdyI6IjA4YWFiODkifQ%3D%3D\">\n\t\t\t\t\t<div class=\"e-gallery-image elementor-gallery-item__image\" data-thumbnail=\"https:\/\/yannlazoo.art\/wp-content\/uploads\/2022\/12\/GRAFFITI-BBC-A4-Web.jpg\" data-width=\"596\" data-height=\"842\" aria-label=\"\" role=\"img\" ><\/div>\n\t\t\t\t\t\t\t\t\t\t\t<div class=\"elementor-gallery-item__overlay\"><\/div>\n\t\t\t\t\t\t\t\t\t\t\t\t\t\t<\/a>\n\t\t\t\t\t\t\t<a class=\"e-gallery-item elementor-gallery-item elementor-animated-content\" href=\"https:\/\/yannlazoo.art\/wp-content\/uploads\/2022\/12\/visuelEXPO1WEB.jpg\" data-elementor-open-lightbox=\"yes\" data-elementor-lightbox-slideshow=\"08aab89\" data-elementor-lightbox-title=\"visuelEXPO1WEB\" data-e-action-hash=\"#elementor-action%3Aaction%3Dlightbox%26settings%3DeyJpZCI6MTIzOCwidXJsIjoiaHR0cHM6XC9cL3lhbm5sYXpvby5hcnRcL3dwLWNvbnRlbnRcL3VwbG9hZHNcLzIwMjJcLzEyXC92aXN1ZWxFWFBPMVdFQi5qcGciLCJzbGlkZXNob3ciOiIwOGFhYjg5In0%3D\">\n\t\t\t\t\t<div class=\"e-gallery-image elementor-gallery-item__image\" data-thumbnail=\"https:\/\/yannlazoo.art\/wp-content\/uploads\/2022\/12\/visuelEXPO1WEB-768x1083.jpg\" data-width=\"768\" data-height=\"1083\" aria-label=\"\" role=\"img\" ><\/div>\n\t\t\t\t\t\t\t\t\t\t\t<div class=\"elementor-gallery-item__overlay\"><\/div>\n\t\t\t\t\t\t\t\t\t\t\t\t\t\t<\/a>\n\t\t\t\t\t\t\t<a class=\"e-gallery-item elementor-gallery-item elementor-animated-content\" href=\"https:\/\/yannlazoo.art\/wp-content\/uploads\/2022\/12\/visuelMIXGRILL.jpg\" data-elementor-open-lightbox=\"yes\" data-elementor-lightbox-slideshow=\"08aab89\" data-elementor-lightbox-title=\"visuelMIXGRILL\" data-e-action-hash=\"#elementor-action%3Aaction%3Dlightbox%26settings%3DeyJpZCI6MTIzOSwidXJsIjoiaHR0cHM6XC9cL3lhbm5sYXpvby5hcnRcL3dwLWNvbnRlbnRcL3VwbG9hZHNcLzIwMjJcLzEyXC92aXN1ZWxNSVhHUklMTC5qcGciLCJzbGlkZXNob3ciOiIwOGFhYjg5In0%3D\">\n\t\t\t\t\t<div class=\"e-gallery-image elementor-gallery-item__image\" data-thumbnail=\"https:\/\/yannlazoo.art\/wp-content\/uploads\/2022\/12\/visuelMIXGRILL-768x1076.jpg\" data-width=\"768\" data-height=\"1076\" aria-label=\"\" role=\"img\" ><\/div>\n\t\t\t\t\t\t\t\t\t\t\t<div class=\"elementor-gallery-item__overlay\"><\/div>\n\t\t\t\t\t\t\t\t\t\t\t\t\t\t<\/a>\n\t\t\t\t\t\t\t<a class=\"e-gallery-item elementor-gallery-item elementor-animated-content\" href=\"https:\/\/yannlazoo.art\/wp-content\/uploads\/2022\/12\/visuelPHH2014simple-scaled.jpg\" data-elementor-open-lightbox=\"yes\" data-elementor-lightbox-slideshow=\"08aab89\" data-elementor-lightbox-title=\"visuelPHH2014simple\" data-e-action-hash=\"#elementor-action%3Aaction%3Dlightbox%26settings%3DeyJpZCI6MTI0MCwidXJsIjoiaHR0cHM6XC9cL3lhbm5sYXpvby5hcnRcL3dwLWNvbnRlbnRcL3VwbG9hZHNcLzIwMjJcLzEyXC92aXN1ZWxQSEgyMDE0c2ltcGxlLXNjYWxlZC5qcGciLCJzbGlkZXNob3ciOiIwOGFhYjg5In0%3D\">\n\t\t\t\t\t<div class=\"e-gallery-image elementor-gallery-item__image\" data-thumbnail=\"https:\/\/yannlazoo.art\/wp-content\/uploads\/2022\/12\/visuelPHH2014simple-768x1075.jpg\" data-width=\"768\" data-height=\"1075\" aria-label=\"\" role=\"img\" ><\/div>\n\t\t\t\t\t\t\t\t\t\t\t<div class=\"elementor-gallery-item__overlay\"><\/div>\n\t\t\t\t\t\t\t\t\t\t\t\t\t\t<\/a>\n\t\t\t\t\t<\/div>\n\t\t\t\t\t<\/div>\n\t\t\t\t<\/div>\n\t\t\t\t\t<\/div>\n\t\t<\/div>\n\t\t\t\t\t<\/div>\n\t\t<\/section>\n\t\t\t\t<\/div>\n\t\t","protected":false},"excerpt":{"rendered":"<p>Affiches &#038; Flyers Les visuels d\u2019\u00e9v\u00e8nements, affiches et flyers sont ici rassembl\u00e9s sur une p\u00e9riode de 30 ans.<\/p>\n","protected":false},"author":1,"featured_media":0,"parent":0,"menu_order":0,"comment_status":"closed","ping_status":"closed","template":"elementor_header_footer","meta":{"footnotes":""},"class_list":["post-1219","page","type-page","status-publish","hentry"],"_links":{"self":[{"href":"https:\/\/yannlazoo.art\/index.php?rest_route=\/wp\/v2\/pages\/1219","targetHints":{"allow":["GET"]}}],"collection":[{"href":"https:\/\/yannlazoo.art\/index.php?rest_route=\/wp\/v2\/pages"}],"about":[{"href":"https:\/\/yannlazoo.art\/index.php?rest_route=\/wp\/v2\/types\/page"}],"author":[{"embeddable":true,"href":"https:\/\/yannlazoo.art\/index.php?rest_route=\/wp\/v2\/users\/1"}],"replies":[{"embeddable":true,"href":"https:\/\/yannlazoo.art\/index.php?rest_route=%2Fwp%2Fv2%2Fcomments&post=1219"}],"version-history":[{"count":24,"href":"https:\/\/yannlazoo.art\/index.php?rest_route=\/wp\/v2\/pages\/1219\/revisions"}],"predecessor-version":[{"id":1920,"href":"https:\/\/yannlazoo.art\/index.php?rest_route=\/wp\/v2\/pages\/1219\/revisions\/1920"}],"wp:attachment":[{"href":"https:\/\/yannlazoo.art\/index.php?rest_route=%2Fwp%2Fv2%2Fmedia&parent=1219"}],"curies":[{"name":"wp","href":"https:\/\/api.w.org\/{rel}","templated":true}]}}