{"id":313,"date":"2022-11-28T11:37:13","date_gmt":"2022-11-28T10:37:13","guid":{"rendered":"https:\/\/yannlazoo.art\/?page_id=313"},"modified":"2022-12-24T14:09:13","modified_gmt":"2022-12-24T13:09:13","slug":"visuels-dexposition","status":"publish","type":"page","link":"https:\/\/yannlazoo.art\/?page_id=313","title":{"rendered":"Visuels d&rsquo;exposition"},"content":{"rendered":"\t\t<div data-elementor-type=\"wp-page\" data-elementor-id=\"313\" class=\"elementor elementor-313\" data-elementor-post-type=\"page\">\n\t\t\t\t\t\t<section class=\"elementor-section elementor-top-section elementor-element elementor-element-ec6ab61 elementor-section-boxed elementor-section-height-default elementor-section-height-default\" data-id=\"ec6ab61\" data-element_type=\"section\" data-e-type=\"section\">\n\t\t\t\t\t\t<div class=\"elementor-container elementor-column-gap-default\">\n\t\t\t\t\t<div class=\"elementor-column elementor-col-100 elementor-top-column elementor-element elementor-element-919087e\" data-id=\"919087e\" data-element_type=\"column\" data-e-type=\"column\">\n\t\t\t<div class=\"elementor-widget-wrap elementor-element-populated\">\n\t\t\t\t\t\t<div class=\"elementor-element elementor-element-bb89297 elementor-widget elementor-widget-spacer\" data-id=\"bb89297\" data-element_type=\"widget\" data-e-type=\"widget\" data-widget_type=\"spacer.default\">\n\t\t\t\t<div class=\"elementor-widget-container\">\n\t\t\t\t\t\t\t<div class=\"elementor-spacer\">\n\t\t\t<div class=\"elementor-spacer-inner\"><\/div>\n\t\t<\/div>\n\t\t\t\t\t\t<\/div>\n\t\t\t\t<\/div>\n\t\t\t\t\t<\/div>\n\t\t<\/div>\n\t\t\t\t\t<\/div>\n\t\t<\/section>\n\t\t\t\t<section class=\"elementor-section elementor-top-section elementor-element elementor-element-c7636b9 elementor-section-boxed elementor-section-height-default elementor-section-height-default\" data-id=\"c7636b9\" data-element_type=\"section\" data-e-type=\"section\">\n\t\t\t\t\t\t<div class=\"elementor-container elementor-column-gap-default\">\n\t\t\t\t\t<div class=\"elementor-column elementor-col-100 elementor-top-column elementor-element elementor-element-82f37db\" data-id=\"82f37db\" data-element_type=\"column\" data-e-type=\"column\">\n\t\t\t<div class=\"elementor-widget-wrap elementor-element-populated\">\n\t\t\t\t\t\t<div class=\"elementor-element elementor-element-99b5496 elementor-widget elementor-widget-heading\" data-id=\"99b5496\" data-element_type=\"widget\" data-e-type=\"widget\" data-widget_type=\"heading.default\">\n\t\t\t\t<div class=\"elementor-widget-container\">\n\t\t\t\t\t<h2 class=\"elementor-heading-title elementor-size-default\">Les Ambassadeurs de l'Egalit\u00e9<\/h2>\t\t\t\t<\/div>\n\t\t\t\t<\/div>\n\t\t\t\t\t<\/div>\n\t\t<\/div>\n\t\t\t\t\t<\/div>\n\t\t<\/section>\n\t\t\t\t<section class=\"elementor-section elementor-top-section elementor-element elementor-element-22e26f6 elementor-section-boxed elementor-section-height-default elementor-section-height-default\" data-id=\"22e26f6\" data-element_type=\"section\" data-e-type=\"section\">\n\t\t\t\t\t\t<div class=\"elementor-container elementor-column-gap-default\">\n\t\t\t\t\t<div class=\"elementor-column elementor-col-100 elementor-top-column elementor-element elementor-element-b783a04\" data-id=\"b783a04\" data-element_type=\"column\" data-e-type=\"column\">\n\t\t\t<div class=\"elementor-widget-wrap elementor-element-populated\">\n\t\t\t\t\t\t<div class=\"elementor-element elementor-element-945fdce elementor-widget-divider--view-line elementor-widget elementor-widget-divider\" data-id=\"945fdce\" data-element_type=\"widget\" data-e-type=\"widget\" data-widget_type=\"divider.default\">\n\t\t\t\t<div class=\"elementor-widget-container\">\n\t\t\t\t\t\t\t<div class=\"elementor-divider\">\n\t\t\t<span class=\"elementor-divider-separator\">\n\t\t\t\t\t\t<\/span>\n\t\t<\/div>\n\t\t\t\t\t\t<\/div>\n\t\t\t\t<\/div>\n\t\t\t\t\t<\/div>\n\t\t<\/div>\n\t\t\t\t\t<\/div>\n\t\t<\/section>\n\t\t\t\t<section class=\"elementor-section elementor-top-section elementor-element elementor-element-9b65013 elementor-section-boxed elementor-section-height-default elementor-section-height-default\" data-id=\"9b65013\" data-element_type=\"section\" data-e-type=\"section\">\n\t\t\t\t\t\t<div class=\"elementor-container elementor-column-gap-default\">\n\t\t\t\t\t<div class=\"elementor-column elementor-col-100 elementor-top-column elementor-element elementor-element-a9608fc\" data-id=\"a9608fc\" data-element_type=\"column\" data-e-type=\"column\">\n\t\t\t<div class=\"elementor-widget-wrap elementor-element-populated\">\n\t\t\t\t\t\t<div class=\"elementor-element elementor-element-66d517c elementor-widget elementor-widget-text-editor\" data-id=\"66d517c\" data-element_type=\"widget\" data-e-type=\"widget\" data-widget_type=\"text-editor.default\">\n\t\t\t\t<div class=\"elementor-widget-container\">\n\t\t\t\t\t\t\t\t\t<p>S\u00e9rie de portraits de figures illustres ayant oeuvr\u00e9 pour la Libert\u00e9. Cette s\u00e9rie est utilis\u00e9e dans le cadre de l&rsquo;exposition de sensibilisation \u00ab\u00a0Les Ambassadeurs de l&rsquo;Egalit\u00e9\u00a0\u00bb\u00a0 organis\u00e9e par l\u2019association YA FOUEI.<\/p>\t\t\t\t\t\t\t\t<\/div>\n\t\t\t\t<\/div>\n\t\t\t\t\t<\/div>\n\t\t<\/div>\n\t\t\t\t\t<\/div>\n\t\t<\/section>\n\t\t\t\t<section class=\"elementor-section elementor-top-section elementor-element elementor-element-f7e7d7d elementor-section-boxed elementor-section-height-default elementor-section-height-default\" data-id=\"f7e7d7d\" data-element_type=\"section\" data-e-type=\"section\">\n\t\t\t\t\t\t<div class=\"elementor-container elementor-column-gap-default\">\n\t\t\t\t\t<div class=\"elementor-column elementor-col-100 elementor-top-column elementor-element elementor-element-9f08d7c\" data-id=\"9f08d7c\" data-element_type=\"column\" data-e-type=\"column\">\n\t\t\t<div class=\"elementor-widget-wrap elementor-element-populated\">\n\t\t\t\t\t\t<div class=\"elementor-element elementor-element-f30ca82 elementor-widget elementor-widget-gallery\" data-id=\"f30ca82\" data-element_type=\"widget\" data-e-type=\"widget\" data-settings=\"{&quot;gallery_layout&quot;:&quot;masonry&quot;,&quot;gap&quot;:{&quot;unit&quot;:&quot;px&quot;,&quot;size&quot;:20,&quot;sizes&quot;:[]},&quot;lazyload&quot;:&quot;yes&quot;,&quot;columns&quot;:4,&quot;columns_tablet&quot;:2,&quot;columns_mobile&quot;:1,&quot;gap_tablet&quot;:{&quot;unit&quot;:&quot;px&quot;,&quot;size&quot;:10,&quot;sizes&quot;:[]},&quot;gap_mobile&quot;:{&quot;unit&quot;:&quot;px&quot;,&quot;size&quot;:10,&quot;sizes&quot;:[]},&quot;link_to&quot;:&quot;file&quot;,&quot;overlay_background&quot;:&quot;yes&quot;,&quot;content_hover_animation&quot;:&quot;fade-in&quot;}\" data-widget_type=\"gallery.default\">\n\t\t\t\t<div class=\"elementor-widget-container\">\n\t\t\t\t\t\t\t<div class=\"elementor-gallery__container\">\n\t\t\t\t\t\t\t<a class=\"e-gallery-item elementor-gallery-item elementor-animated-content\" href=\"https:\/\/yannlazoo.art\/wp-content\/uploads\/2022\/11\/Seligman-scaled.jpg\" data-elementor-open-lightbox=\"yes\" data-elementor-lightbox-slideshow=\"f30ca82\" data-elementor-lightbox-title=\"Fran\u00e7oise Seligmann\" data-e-action-hash=\"#elementor-action%3Aaction%3Dlightbox%26settings%3DeyJpZCI6MzI2LCJ1cmwiOiJodHRwczpcL1wveWFubmxhem9vLmFydFwvd3AtY29udGVudFwvdXBsb2Fkc1wvMjAyMlwvMTFcL1NlbGlnbWFuLXNjYWxlZC5qcGciLCJzbGlkZXNob3ciOiJmMzBjYTgyIn0%3D\">\n\t\t\t\t\t<div class=\"e-gallery-image elementor-gallery-item__image\" data-thumbnail=\"https:\/\/yannlazoo.art\/wp-content\/uploads\/2022\/11\/Seligman-768x710.jpg\" data-width=\"768\" data-height=\"710\" aria-label=\"\" role=\"img\" ><\/div>\n\t\t\t\t\t\t\t\t\t\t\t<div class=\"elementor-gallery-item__overlay\"><\/div>\n\t\t\t\t\t\t\t\t\t\t\t\t\t\t<\/a>\n\t\t\t\t\t\t\t<a class=\"e-gallery-item elementor-gallery-item elementor-animated-content\" href=\"https:\/\/yannlazoo.art\/wp-content\/uploads\/2022\/11\/Schoelche2WEB.jpg\" data-elementor-open-lightbox=\"yes\" data-elementor-lightbox-slideshow=\"f30ca82\" data-elementor-lightbox-title=\"Schoelcher\" data-e-action-hash=\"#elementor-action%3Aaction%3Dlightbox%26settings%3DeyJpZCI6MzI1LCJ1cmwiOiJodHRwczpcL1wveWFubmxhem9vLmFydFwvd3AtY29udGVudFwvdXBsb2Fkc1wvMjAyMlwvMTFcL1NjaG9lbGNoZTJXRUIuanBnIiwic2xpZGVzaG93IjoiZjMwY2E4MiJ9\">\n\t\t\t\t\t<div class=\"e-gallery-image elementor-gallery-item__image\" data-thumbnail=\"https:\/\/yannlazoo.art\/wp-content\/uploads\/2022\/11\/Schoelche2WEB-768x614.jpg\" data-width=\"768\" data-height=\"614\" aria-label=\"\" role=\"img\" ><\/div>\n\t\t\t\t\t\t\t\t\t\t\t<div class=\"elementor-gallery-item__overlay\"><\/div>\n\t\t\t\t\t\t\t\t\t\t\t\t\t\t<\/a>\n\t\t\t\t\t\t\t<a class=\"e-gallery-item elementor-gallery-item elementor-animated-content\" href=\"https:\/\/yannlazoo.art\/wp-content\/uploads\/2022\/11\/Rosa2WEB.jpg\" data-elementor-open-lightbox=\"yes\" data-elementor-lightbox-slideshow=\"f30ca82\" data-elementor-lightbox-title=\"Rosa Park\" data-e-action-hash=\"#elementor-action%3Aaction%3Dlightbox%26settings%3DeyJpZCI6MzI0LCJ1cmwiOiJodHRwczpcL1wveWFubmxhem9vLmFydFwvd3AtY29udGVudFwvdXBsb2Fkc1wvMjAyMlwvMTFcL1Jvc2EyV0VCLmpwZyIsInNsaWRlc2hvdyI6ImYzMGNhODIifQ%3D%3D\">\n\t\t\t\t\t<div class=\"e-gallery-image elementor-gallery-item__image\" data-thumbnail=\"https:\/\/yannlazoo.art\/wp-content\/uploads\/2022\/11\/Rosa2WEB-768x614.jpg\" data-width=\"768\" data-height=\"614\" aria-label=\"\" role=\"img\" ><\/div>\n\t\t\t\t\t\t\t\t\t\t\t<div class=\"elementor-gallery-item__overlay\"><\/div>\n\t\t\t\t\t\t\t\t\t\t\t\t\t\t<\/a>\n\t\t\t\t\t\t\t<a class=\"e-gallery-item elementor-gallery-item elementor-animated-content\" href=\"https:\/\/yannlazoo.art\/wp-content\/uploads\/2022\/11\/PrimoLevi-scaled.jpg\" data-elementor-open-lightbox=\"yes\" data-elementor-lightbox-slideshow=\"f30ca82\" data-elementor-lightbox-title=\"PrimoLevi\" data-e-action-hash=\"#elementor-action%3Aaction%3Dlightbox%26settings%3DeyJpZCI6MzIzLCJ1cmwiOiJodHRwczpcL1wveWFubmxhem9vLmFydFwvd3AtY29udGVudFwvdXBsb2Fkc1wvMjAyMlwvMTFcL1ByaW1vTGV2aS1zY2FsZWQuanBnIiwic2xpZGVzaG93IjoiZjMwY2E4MiJ9\">\n\t\t\t\t\t<div class=\"e-gallery-image elementor-gallery-item__image\" data-thumbnail=\"https:\/\/yannlazoo.art\/wp-content\/uploads\/2022\/11\/PrimoLevi-768x791.jpg\" data-width=\"768\" data-height=\"791\" aria-label=\"\" role=\"img\" ><\/div>\n\t\t\t\t\t\t\t\t\t\t\t<div class=\"elementor-gallery-item__overlay\"><\/div>\n\t\t\t\t\t\t\t\t\t\t\t\t\t\t<\/a>\n\t\t\t\t\t\t\t<a class=\"e-gallery-item elementor-gallery-item elementor-animated-content\" href=\"https:\/\/yannlazoo.art\/wp-content\/uploads\/2022\/11\/Olympe2WEB.jpg\" data-elementor-open-lightbox=\"yes\" data-elementor-lightbox-slideshow=\"f30ca82\" data-elementor-lightbox-title=\"Olympe de Gouge\" data-e-action-hash=\"#elementor-action%3Aaction%3Dlightbox%26settings%3DeyJpZCI6MzIyLCJ1cmwiOiJodHRwczpcL1wveWFubmxhem9vLmFydFwvd3AtY29udGVudFwvdXBsb2Fkc1wvMjAyMlwvMTFcL09seW1wZTJXRUIuanBnIiwic2xpZGVzaG93IjoiZjMwY2E4MiJ9\">\n\t\t\t\t\t<div class=\"e-gallery-image elementor-gallery-item__image\" data-thumbnail=\"https:\/\/yannlazoo.art\/wp-content\/uploads\/2022\/11\/Olympe2WEB-768x768.jpg\" data-width=\"768\" data-height=\"768\" aria-label=\"\" role=\"img\" ><\/div>\n\t\t\t\t\t\t\t\t\t\t\t<div class=\"elementor-gallery-item__overlay\"><\/div>\n\t\t\t\t\t\t\t\t\t\t\t\t\t\t<\/a>\n\t\t\t\t\t\t\t<a class=\"e-gallery-item elementor-gallery-item elementor-animated-content\" href=\"https:\/\/yannlazoo.art\/wp-content\/uploads\/2022\/11\/MLK3WEB.jpg\" data-elementor-open-lightbox=\"yes\" data-elementor-lightbox-slideshow=\"f30ca82\" data-elementor-lightbox-title=\"Martin Luther King\" data-e-action-hash=\"#elementor-action%3Aaction%3Dlightbox%26settings%3DeyJpZCI6MzIxLCJ1cmwiOiJodHRwczpcL1wveWFubmxhem9vLmFydFwvd3AtY29udGVudFwvdXBsb2Fkc1wvMjAyMlwvMTFcL01MSzNXRUIuanBnIiwic2xpZGVzaG93IjoiZjMwY2E4MiJ9\">\n\t\t\t\t\t<div class=\"e-gallery-image elementor-gallery-item__image\" data-thumbnail=\"https:\/\/yannlazoo.art\/wp-content\/uploads\/2022\/11\/MLK3WEB-768x614.jpg\" data-width=\"768\" data-height=\"614\" aria-label=\"\" role=\"img\" ><\/div>\n\t\t\t\t\t\t\t\t\t\t\t<div class=\"elementor-gallery-item__overlay\"><\/div>\n\t\t\t\t\t\t\t\t\t\t\t\t\t\t<\/a>\n\t\t\t\t\t\t\t<a class=\"e-gallery-item elementor-gallery-item elementor-animated-content\" href=\"https:\/\/yannlazoo.art\/wp-content\/uploads\/2022\/11\/Malala3WEB.jpg\" data-elementor-open-lightbox=\"yes\" data-elementor-lightbox-slideshow=\"f30ca82\" data-elementor-lightbox-title=\"Malala\" data-e-action-hash=\"#elementor-action%3Aaction%3Dlightbox%26settings%3DeyJpZCI6MzIwLCJ1cmwiOiJodHRwczpcL1wveWFubmxhem9vLmFydFwvd3AtY29udGVudFwvdXBsb2Fkc1wvMjAyMlwvMTFcL01hbGFsYTNXRUIuanBnIiwic2xpZGVzaG93IjoiZjMwY2E4MiJ9\">\n\t\t\t\t\t<div class=\"e-gallery-image elementor-gallery-item__image\" data-thumbnail=\"https:\/\/yannlazoo.art\/wp-content\/uploads\/2022\/11\/Malala3WEB-768x768.jpg\" data-width=\"768\" data-height=\"768\" aria-label=\"\" role=\"img\" ><\/div>\n\t\t\t\t\t\t\t\t\t\t\t<div class=\"elementor-gallery-item__overlay\"><\/div>\n\t\t\t\t\t\t\t\t\t\t\t\t\t\t<\/a>\n\t\t\t\t\t\t\t<a class=\"e-gallery-item elementor-gallery-item elementor-animated-content\" href=\"https:\/\/yannlazoo.art\/wp-content\/uploads\/2022\/11\/Madiba2WEB.jpg\" data-elementor-open-lightbox=\"yes\" data-elementor-lightbox-slideshow=\"f30ca82\" data-elementor-lightbox-title=\"Madiba\" data-e-action-hash=\"#elementor-action%3Aaction%3Dlightbox%26settings%3DeyJpZCI6MzE5LCJ1cmwiOiJodHRwczpcL1wveWFubmxhem9vLmFydFwvd3AtY29udGVudFwvdXBsb2Fkc1wvMjAyMlwvMTFcL01hZGliYTJXRUIuanBnIiwic2xpZGVzaG93IjoiZjMwY2E4MiJ9\">\n\t\t\t\t\t<div class=\"e-gallery-image elementor-gallery-item__image\" data-thumbnail=\"https:\/\/yannlazoo.art\/wp-content\/uploads\/2022\/11\/Madiba2WEB-768x614.jpg\" data-width=\"768\" data-height=\"614\" aria-label=\"\" role=\"img\" ><\/div>\n\t\t\t\t\t\t\t\t\t\t\t<div class=\"elementor-gallery-item__overlay\"><\/div>\n\t\t\t\t\t\t\t\t\t\t\t\t\t\t<\/a>\n\t\t\t\t\t\t\t<a class=\"e-gallery-item elementor-gallery-item elementor-animated-content\" href=\"https:\/\/yannlazoo.art\/wp-content\/uploads\/2022\/11\/LucieAubrac2WEB.jpg\" data-elementor-open-lightbox=\"yes\" data-elementor-lightbox-slideshow=\"f30ca82\" data-elementor-lightbox-title=\"Lucie Aubrac\" data-e-action-hash=\"#elementor-action%3Aaction%3Dlightbox%26settings%3DeyJpZCI6MzE4LCJ1cmwiOiJodHRwczpcL1wveWFubmxhem9vLmFydFwvd3AtY29udGVudFwvdXBsb2Fkc1wvMjAyMlwvMTFcL0x1Y2llQXVicmFjMldFQi5qcGciLCJzbGlkZXNob3ciOiJmMzBjYTgyIn0%3D\">\n\t\t\t\t\t<div class=\"e-gallery-image elementor-gallery-item__image\" data-thumbnail=\"https:\/\/yannlazoo.art\/wp-content\/uploads\/2022\/11\/LucieAubrac2WEB-768x614.jpg\" data-width=\"768\" data-height=\"614\" aria-label=\"\" role=\"img\" ><\/div>\n\t\t\t\t\t\t\t\t\t\t\t<div class=\"elementor-gallery-item__overlay\"><\/div>\n\t\t\t\t\t\t\t\t\t\t\t\t\t\t<\/a>\n\t\t\t\t\t\t\t<a class=\"e-gallery-item elementor-gallery-item elementor-animated-content\" href=\"https:\/\/yannlazoo.art\/wp-content\/uploads\/2022\/11\/LEYMAH-GBOWEE.jpg\" data-elementor-open-lightbox=\"yes\" data-elementor-lightbox-slideshow=\"f30ca82\" data-elementor-lightbox-title=\"Leymah Gbowee\" data-e-action-hash=\"#elementor-action%3Aaction%3Dlightbox%26settings%3DeyJpZCI6MzE3LCJ1cmwiOiJodHRwczpcL1wveWFubmxhem9vLmFydFwvd3AtY29udGVudFwvdXBsb2Fkc1wvMjAyMlwvMTFcL0xFWU1BSC1HQk9XRUUuanBnIiwic2xpZGVzaG93IjoiZjMwY2E4MiJ9\">\n\t\t\t\t\t<div class=\"e-gallery-image elementor-gallery-item__image\" data-thumbnail=\"https:\/\/yannlazoo.art\/wp-content\/uploads\/2022\/11\/LEYMAH-GBOWEE.jpg\" data-width=\"680\" data-height=\"889\" aria-label=\"\" role=\"img\" ><\/div>\n\t\t\t\t\t\t\t\t\t\t\t<div class=\"elementor-gallery-item__overlay\"><\/div>\n\t\t\t\t\t\t\t\t\t\t\t\t\t\t<\/a>\n\t\t\t\t\t\t\t<a class=\"e-gallery-item elementor-gallery-item elementor-animated-content\" href=\"https:\/\/yannlazoo.art\/wp-content\/uploads\/2022\/11\/Gandhi3WEB.jpg\" data-elementor-open-lightbox=\"yes\" data-elementor-lightbox-slideshow=\"f30ca82\" data-elementor-lightbox-title=\"Gandhi\" data-e-action-hash=\"#elementor-action%3Aaction%3Dlightbox%26settings%3DeyJpZCI6MzE2LCJ1cmwiOiJodHRwczpcL1wveWFubmxhem9vLmFydFwvd3AtY29udGVudFwvdXBsb2Fkc1wvMjAyMlwvMTFcL0dhbmRoaTNXRUIuanBnIiwic2xpZGVzaG93IjoiZjMwY2E4MiJ9\">\n\t\t\t\t\t<div class=\"e-gallery-image elementor-gallery-item__image\" data-thumbnail=\"https:\/\/yannlazoo.art\/wp-content\/uploads\/2022\/11\/Gandhi3WEB-768x768.jpg\" data-width=\"768\" data-height=\"768\" aria-label=\"\" role=\"img\" ><\/div>\n\t\t\t\t\t\t\t\t\t\t\t<div class=\"elementor-gallery-item__overlay\"><\/div>\n\t\t\t\t\t\t\t\t\t\t\t\t\t\t<\/a>\n\t\t\t\t\t\t\t<a class=\"e-gallery-item elementor-gallery-item elementor-animated-content\" href=\"https:\/\/yannlazoo.art\/wp-content\/uploads\/2022\/11\/Delbo-scaled.jpg\" data-elementor-open-lightbox=\"yes\" data-elementor-lightbox-slideshow=\"f30ca82\" data-elementor-lightbox-title=\"Charlotte Delbo\" data-e-action-hash=\"#elementor-action%3Aaction%3Dlightbox%26settings%3DeyJpZCI6MzE1LCJ1cmwiOiJodHRwczpcL1wveWFubmxhem9vLmFydFwvd3AtY29udGVudFwvdXBsb2Fkc1wvMjAyMlwvMTFcL0RlbGJvLXNjYWxlZC5qcGciLCJzbGlkZXNob3ciOiJmMzBjYTgyIn0%3D\">\n\t\t\t\t\t<div class=\"e-gallery-image elementor-gallery-item__image\" data-thumbnail=\"https:\/\/yannlazoo.art\/wp-content\/uploads\/2022\/11\/Delbo-768x615.jpg\" data-width=\"768\" data-height=\"615\" aria-label=\"\" role=\"img\" ><\/div>\n\t\t\t\t\t\t\t\t\t\t\t<div class=\"elementor-gallery-item__overlay\"><\/div>\n\t\t\t\t\t\t\t\t\t\t\t\t\t\t<\/a>\n\t\t\t\t\t<\/div>\n\t\t\t\t\t<\/div>\n\t\t\t\t<\/div>\n\t\t\t\t\t<\/div>\n\t\t<\/div>\n\t\t\t\t\t<\/div>\n\t\t<\/section>\n\t\t\t\t<\/div>\n\t\t","protected":false},"excerpt":{"rendered":"<p>Les Ambassadeurs de l&rsquo;Egalit\u00e9 S\u00e9rie de portraits de figures illustres ayant oeuvr\u00e9 pour la Libert\u00e9. Cette s\u00e9rie est utilis\u00e9e dans le cadre de l&rsquo;exposition de sensibilisation \u00ab\u00a0Les Ambassadeurs de l&rsquo;Egalit\u00e9\u00a0\u00bb\u00a0 organis\u00e9e par l\u2019association YA FOUEI.<\/p>\n","protected":false},"author":1,"featured_media":0,"parent":0,"menu_order":0,"comment_status":"closed","ping_status":"closed","template":"elementor_header_footer","meta":{"footnotes":""},"class_list":["post-313","page","type-page","status-publish","hentry"],"_links":{"self":[{"href":"https:\/\/yannlazoo.art\/index.php?rest_route=\/wp\/v2\/pages\/313","targetHints":{"allow":["GET"]}}],"collection":[{"href":"https:\/\/yannlazoo.art\/index.php?rest_route=\/wp\/v2\/pages"}],"about":[{"href":"https:\/\/yannlazoo.art\/index.php?rest_route=\/wp\/v2\/types\/page"}],"author":[{"embeddable":true,"href":"https:\/\/yannlazoo.art\/index.php?rest_route=\/wp\/v2\/users\/1"}],"replies":[{"embeddable":true,"href":"https:\/\/yannlazoo.art\/index.php?rest_route=%2Fwp%2Fv2%2Fcomments&post=313"}],"version-history":[{"count":16,"href":"https:\/\/yannlazoo.art\/index.php?rest_route=\/wp\/v2\/pages\/313\/revisions"}],"predecessor-version":[{"id":1903,"href":"https:\/\/yannlazoo.art\/index.php?rest_route=\/wp\/v2\/pages\/313\/revisions\/1903"}],"wp:attachment":[{"href":"https:\/\/yannlazoo.art\/index.php?rest_route=%2Fwp%2Fv2%2Fmedia&parent=313"}],"curies":[{"name":"wp","href":"https:\/\/api.w.org\/{rel}","templated":true}]}}