{"id":342,"date":"2022-11-28T12:55:34","date_gmt":"2022-11-28T11:55:34","guid":{"rendered":"https:\/\/yannlazoo.art\/?page_id=342"},"modified":"2022-12-16T14:28:34","modified_gmt":"2022-12-16T13:28:34","slug":"college-victor-hugo-paris","status":"publish","type":"page","link":"https:\/\/yannlazoo.art\/?page_id=342","title":{"rendered":"Coll\u00e8ge Victor HUGO, Paris."},"content":{"rendered":"\t\t<div data-elementor-type=\"wp-page\" data-elementor-id=\"342\" class=\"elementor elementor-342\" data-elementor-post-type=\"page\">\n\t\t\t\t\t\t<section class=\"elementor-section elementor-top-section elementor-element elementor-element-57a68d4 elementor-section-boxed elementor-section-height-default elementor-section-height-default\" data-id=\"57a68d4\" data-element_type=\"section\" data-e-type=\"section\">\n\t\t\t\t\t\t<div class=\"elementor-container elementor-column-gap-default\">\n\t\t\t\t\t<div class=\"elementor-column elementor-col-100 elementor-top-column elementor-element elementor-element-df4123f\" data-id=\"df4123f\" data-element_type=\"column\" data-e-type=\"column\">\n\t\t\t<div class=\"elementor-widget-wrap elementor-element-populated\">\n\t\t\t\t\t\t<div class=\"elementor-element elementor-element-59f6b9d elementor-widget elementor-widget-spacer\" data-id=\"59f6b9d\" data-element_type=\"widget\" data-e-type=\"widget\" data-widget_type=\"spacer.default\">\n\t\t\t\t<div class=\"elementor-widget-container\">\n\t\t\t\t\t\t\t<div class=\"elementor-spacer\">\n\t\t\t<div class=\"elementor-spacer-inner\"><\/div>\n\t\t<\/div>\n\t\t\t\t\t\t<\/div>\n\t\t\t\t<\/div>\n\t\t\t\t\t<\/div>\n\t\t<\/div>\n\t\t\t\t\t<\/div>\n\t\t<\/section>\n\t\t\t\t<section class=\"elementor-section elementor-top-section elementor-element elementor-element-98facde elementor-section-boxed elementor-section-height-default elementor-section-height-default\" data-id=\"98facde\" data-element_type=\"section\" data-e-type=\"section\">\n\t\t\t\t\t\t<div class=\"elementor-container elementor-column-gap-default\">\n\t\t\t\t\t<div class=\"elementor-column elementor-col-100 elementor-top-column elementor-element elementor-element-981f01b\" data-id=\"981f01b\" data-element_type=\"column\" data-e-type=\"column\">\n\t\t\t<div class=\"elementor-widget-wrap elementor-element-populated\">\n\t\t\t\t\t\t<div class=\"elementor-element elementor-element-81c37c1 elementor-widget elementor-widget-heading\" data-id=\"81c37c1\" data-element_type=\"widget\" data-e-type=\"widget\" data-widget_type=\"heading.default\">\n\t\t\t\t<div class=\"elementor-widget-container\">\n\t\t\t\t\t<h2 class=\"elementor-heading-title elementor-size-default\">Fresques au coll\u00e8ge Victor HUGO, Paris.<\/h2>\t\t\t\t<\/div>\n\t\t\t\t<\/div>\n\t\t\t\t\t<\/div>\n\t\t<\/div>\n\t\t\t\t\t<\/div>\n\t\t<\/section>\n\t\t\t\t<section class=\"elementor-section elementor-top-section elementor-element elementor-element-0c397c6 elementor-section-boxed elementor-section-height-default elementor-section-height-default\" data-id=\"0c397c6\" data-element_type=\"section\" data-e-type=\"section\">\n\t\t\t\t\t\t<div class=\"elementor-container elementor-column-gap-default\">\n\t\t\t\t\t<div class=\"elementor-column elementor-col-100 elementor-top-column elementor-element elementor-element-65aa0fb\" data-id=\"65aa0fb\" data-element_type=\"column\" data-e-type=\"column\">\n\t\t\t<div class=\"elementor-widget-wrap elementor-element-populated\">\n\t\t\t\t\t\t<div class=\"elementor-element elementor-element-abbf650 elementor-widget elementor-widget-text-editor\" data-id=\"abbf650\" data-element_type=\"widget\" data-e-type=\"widget\" data-widget_type=\"text-editor.default\">\n\t\t\t\t<div class=\"elementor-widget-container\">\n\t\t\t\t\t\t\t\t\t<p>Dans le cadre du budget participatif citoyen de la Ville de Paris, le coll\u00e8ge Victor HUGO a sollicit\u00e9 une d\u00e9coration des cours du coll\u00e8ge. Apr\u00e8s concertation de l\u2019\u00e9quipe p\u00e9dagogique de l\u2019\u00e9cole, le th\u00e8me retenu fut l\u2019immersion v\u00e9g\u00e9tale, pour r\u00e9pondre \u00e0 l\u2019environnement tr\u00e8s min\u00e9ral et urbain des espaces concern\u00e9s. Malgr\u00e9 la crise sanitaire, le projet a pu \u00eatre r\u00e9alis\u00e9 en 2020 et 2021.<\/p>\t\t\t\t\t\t\t\t<\/div>\n\t\t\t\t<\/div>\n\t\t\t\t\t<\/div>\n\t\t<\/div>\n\t\t\t\t\t<\/div>\n\t\t<\/section>\n\t\t\t\t<section class=\"elementor-section elementor-top-section elementor-element elementor-element-1347246 elementor-section-boxed elementor-section-height-default elementor-section-height-default\" data-id=\"1347246\" data-element_type=\"section\" data-e-type=\"section\">\n\t\t\t\t\t\t<div class=\"elementor-container elementor-column-gap-default\">\n\t\t\t\t\t<div class=\"elementor-column elementor-col-100 elementor-top-column elementor-element elementor-element-c198aaf\" data-id=\"c198aaf\" data-element_type=\"column\" data-e-type=\"column\">\n\t\t\t<div class=\"elementor-widget-wrap elementor-element-populated\">\n\t\t\t\t\t\t<div class=\"elementor-element elementor-element-c18aadb elementor-widget elementor-widget-gallery\" data-id=\"c18aadb\" data-element_type=\"widget\" data-e-type=\"widget\" data-settings=\"{&quot;gap&quot;:{&quot;unit&quot;:&quot;px&quot;,&quot;size&quot;:20,&quot;sizes&quot;:[]},&quot;gallery_layout&quot;:&quot;justified&quot;,&quot;lazyload&quot;:&quot;yes&quot;,&quot;ideal_row_height&quot;:{&quot;unit&quot;:&quot;px&quot;,&quot;size&quot;:200,&quot;sizes&quot;:[]},&quot;ideal_row_height_tablet&quot;:{&quot;unit&quot;:&quot;px&quot;,&quot;size&quot;:150,&quot;sizes&quot;:[]},&quot;ideal_row_height_mobile&quot;:{&quot;unit&quot;:&quot;px&quot;,&quot;size&quot;:150,&quot;sizes&quot;:[]},&quot;gap_tablet&quot;:{&quot;unit&quot;:&quot;px&quot;,&quot;size&quot;:10,&quot;sizes&quot;:[]},&quot;gap_mobile&quot;:{&quot;unit&quot;:&quot;px&quot;,&quot;size&quot;:10,&quot;sizes&quot;:[]},&quot;link_to&quot;:&quot;file&quot;,&quot;overlay_background&quot;:&quot;yes&quot;,&quot;content_hover_animation&quot;:&quot;fade-in&quot;}\" data-widget_type=\"gallery.default\">\n\t\t\t\t<div class=\"elementor-widget-container\">\n\t\t\t\t\t\t\t<div class=\"elementor-gallery__container\">\n\t\t\t\t\t\t\t<a class=\"e-gallery-item elementor-gallery-item elementor-animated-content\" href=\"https:\/\/yannlazoo.art\/wp-content\/uploads\/2022\/11\/20200619_111808-scaled.jpg\" data-elementor-open-lightbox=\"yes\" data-elementor-lightbox-slideshow=\"c18aadb\" data-elementor-lightbox-title=\"Coll\u00e8ge Victor HUGO, D\u00e9tail\" data-e-action-hash=\"#elementor-action%3Aaction%3Dlightbox%26settings%3DeyJpZCI6MzQ3LCJ1cmwiOiJodHRwczpcL1wveWFubmxhem9vLmFydFwvd3AtY29udGVudFwvdXBsb2Fkc1wvMjAyMlwvMTFcLzIwMjAwNjE5XzExMTgwOC1zY2FsZWQuanBnIiwic2xpZGVzaG93IjoiYzE4YWFkYiJ9\">\n\t\t\t\t\t<div class=\"e-gallery-image elementor-gallery-item__image\" data-thumbnail=\"https:\/\/yannlazoo.art\/wp-content\/uploads\/2022\/11\/20200619_111808-768x576.jpg\" data-width=\"768\" data-height=\"576\" aria-label=\"\" role=\"img\" ><\/div>\n\t\t\t\t\t\t\t\t\t\t\t<div class=\"elementor-gallery-item__overlay\"><\/div>\n\t\t\t\t\t\t\t\t\t\t\t\t\t\t<\/a>\n\t\t\t\t\t\t\t<a class=\"e-gallery-item elementor-gallery-item elementor-animated-content\" href=\"https:\/\/yannlazoo.art\/wp-content\/uploads\/2022\/11\/20200619_111752-scaled.jpg\" data-elementor-open-lightbox=\"yes\" data-elementor-lightbox-slideshow=\"c18aadb\" data-elementor-lightbox-title=\"Coll\u00e8ge Victor HUGO, deuxi\u00e8me cour\" data-e-action-hash=\"#elementor-action%3Aaction%3Dlightbox%26settings%3DeyJpZCI6MzQ2LCJ1cmwiOiJodHRwczpcL1wveWFubmxhem9vLmFydFwvd3AtY29udGVudFwvdXBsb2Fkc1wvMjAyMlwvMTFcLzIwMjAwNjE5XzExMTc1Mi1zY2FsZWQuanBnIiwic2xpZGVzaG93IjoiYzE4YWFkYiJ9\">\n\t\t\t\t\t<div class=\"e-gallery-image elementor-gallery-item__image\" data-thumbnail=\"https:\/\/yannlazoo.art\/wp-content\/uploads\/2022\/11\/20200619_111752-768x576.jpg\" data-width=\"768\" data-height=\"576\" aria-label=\"\" role=\"img\" ><\/div>\n\t\t\t\t\t\t\t\t\t\t\t<div class=\"elementor-gallery-item__overlay\"><\/div>\n\t\t\t\t\t\t\t\t\t\t\t\t\t\t<\/a>\n\t\t\t\t\t\t\t<a class=\"e-gallery-item elementor-gallery-item elementor-animated-content\" href=\"https:\/\/yannlazoo.art\/wp-content\/uploads\/2022\/11\/20200619_111459-scaled.jpg\" data-elementor-open-lightbox=\"yes\" data-elementor-lightbox-slideshow=\"c18aadb\" data-elementor-lightbox-title=\"Coll\u00e8ge Victor HUGO, deuxi\u00e8me cour\" data-e-action-hash=\"#elementor-action%3Aaction%3Dlightbox%26settings%3DeyJpZCI6MzQ1LCJ1cmwiOiJodHRwczpcL1wveWFubmxhem9vLmFydFwvd3AtY29udGVudFwvdXBsb2Fkc1wvMjAyMlwvMTFcLzIwMjAwNjE5XzExMTQ1OS1zY2FsZWQuanBnIiwic2xpZGVzaG93IjoiYzE4YWFkYiJ9\">\n\t\t\t\t\t<div class=\"e-gallery-image elementor-gallery-item__image\" data-thumbnail=\"https:\/\/yannlazoo.art\/wp-content\/uploads\/2022\/11\/20200619_111459-768x576.jpg\" data-width=\"768\" data-height=\"576\" aria-label=\"\" role=\"img\" ><\/div>\n\t\t\t\t\t\t\t\t\t\t\t<div class=\"elementor-gallery-item__overlay\"><\/div>\n\t\t\t\t\t\t\t\t\t\t\t\t\t\t<\/a>\n\t\t\t\t\t\t\t<a class=\"e-gallery-item elementor-gallery-item elementor-animated-content\" href=\"https:\/\/yannlazoo.art\/wp-content\/uploads\/2022\/11\/20200619_110727-scaled.jpg\" data-elementor-open-lightbox=\"yes\" data-elementor-lightbox-slideshow=\"c18aadb\" data-elementor-lightbox-title=\"Coll\u00e8ge Victor HUGO, cour principale\" data-e-action-hash=\"#elementor-action%3Aaction%3Dlightbox%26settings%3DeyJpZCI6MzQ0LCJ1cmwiOiJodHRwczpcL1wveWFubmxhem9vLmFydFwvd3AtY29udGVudFwvdXBsb2Fkc1wvMjAyMlwvMTFcLzIwMjAwNjE5XzExMDcyNy1zY2FsZWQuanBnIiwic2xpZGVzaG93IjoiYzE4YWFkYiJ9\">\n\t\t\t\t\t<div class=\"e-gallery-image elementor-gallery-item__image\" data-thumbnail=\"https:\/\/yannlazoo.art\/wp-content\/uploads\/2022\/11\/20200619_110727-768x576.jpg\" data-width=\"768\" data-height=\"576\" aria-label=\"\" role=\"img\" ><\/div>\n\t\t\t\t\t\t\t\t\t\t\t<div class=\"elementor-gallery-item__overlay\"><\/div>\n\t\t\t\t\t\t\t\t\t\t\t\t\t\t<\/a>\n\t\t\t\t\t\t\t<a class=\"e-gallery-item elementor-gallery-item elementor-animated-content\" href=\"https:\/\/yannlazoo.art\/wp-content\/uploads\/2022\/12\/20200612_183607-scaled.jpg\" data-elementor-open-lightbox=\"yes\" data-elementor-lightbox-slideshow=\"c18aadb\" data-elementor-lightbox-title=\"20200612_183607\" data-e-action-hash=\"#elementor-action%3Aaction%3Dlightbox%26settings%3DeyJpZCI6MTA0MSwidXJsIjoiaHR0cHM6XC9cL3lhbm5sYXpvby5hcnRcL3dwLWNvbnRlbnRcL3VwbG9hZHNcLzIwMjJcLzEyXC8yMDIwMDYxMl8xODM2MDctc2NhbGVkLmpwZyIsInNsaWRlc2hvdyI6ImMxOGFhZGIifQ%3D%3D\">\n\t\t\t\t\t<div class=\"e-gallery-image elementor-gallery-item__image\" data-thumbnail=\"https:\/\/yannlazoo.art\/wp-content\/uploads\/2022\/12\/20200612_183607-768x576.jpg\" data-width=\"768\" data-height=\"576\" aria-label=\"\" role=\"img\" ><\/div>\n\t\t\t\t\t\t\t\t\t\t\t<div class=\"elementor-gallery-item__overlay\"><\/div>\n\t\t\t\t\t\t\t\t\t\t\t\t\t\t<\/a>\n\t\t\t\t\t\t\t<a class=\"e-gallery-item elementor-gallery-item elementor-animated-content\" href=\"https:\/\/yannlazoo.art\/wp-content\/uploads\/2022\/12\/20200619_110703-scaled.jpg\" data-elementor-open-lightbox=\"yes\" data-elementor-lightbox-slideshow=\"c18aadb\" data-elementor-lightbox-title=\"20200619_110703\" data-e-action-hash=\"#elementor-action%3Aaction%3Dlightbox%26settings%3DeyJpZCI6MTA0MiwidXJsIjoiaHR0cHM6XC9cL3lhbm5sYXpvby5hcnRcL3dwLWNvbnRlbnRcL3VwbG9hZHNcLzIwMjJcLzEyXC8yMDIwMDYxOV8xMTA3MDMtc2NhbGVkLmpwZyIsInNsaWRlc2hvdyI6ImMxOGFhZGIifQ%3D%3D\">\n\t\t\t\t\t<div class=\"e-gallery-image elementor-gallery-item__image\" data-thumbnail=\"https:\/\/yannlazoo.art\/wp-content\/uploads\/2022\/12\/20200619_110703-768x576.jpg\" data-width=\"768\" data-height=\"576\" aria-label=\"\" role=\"img\" ><\/div>\n\t\t\t\t\t\t\t\t\t\t\t<div class=\"elementor-gallery-item__overlay\"><\/div>\n\t\t\t\t\t\t\t\t\t\t\t\t\t\t<\/a>\n\t\t\t\t\t\t\t<a class=\"e-gallery-item elementor-gallery-item elementor-animated-content\" href=\"https:\/\/yannlazoo.art\/wp-content\/uploads\/2022\/12\/20200619_110737-scaled.jpg\" data-elementor-open-lightbox=\"yes\" data-elementor-lightbox-slideshow=\"c18aadb\" data-elementor-lightbox-title=\"20200619_110737\" data-e-action-hash=\"#elementor-action%3Aaction%3Dlightbox%26settings%3DeyJpZCI6MTA0MywidXJsIjoiaHR0cHM6XC9cL3lhbm5sYXpvby5hcnRcL3dwLWNvbnRlbnRcL3VwbG9hZHNcLzIwMjJcLzEyXC8yMDIwMDYxOV8xMTA3Mzctc2NhbGVkLmpwZyIsInNsaWRlc2hvdyI6ImMxOGFhZGIifQ%3D%3D\">\n\t\t\t\t\t<div class=\"e-gallery-image elementor-gallery-item__image\" data-thumbnail=\"https:\/\/yannlazoo.art\/wp-content\/uploads\/2022\/12\/20200619_110737-768x576.jpg\" data-width=\"768\" data-height=\"576\" aria-label=\"\" role=\"img\" ><\/div>\n\t\t\t\t\t\t\t\t\t\t\t<div class=\"elementor-gallery-item__overlay\"><\/div>\n\t\t\t\t\t\t\t\t\t\t\t\t\t\t<\/a>\n\t\t\t\t\t\t\t<a class=\"e-gallery-item elementor-gallery-item elementor-animated-content\" href=\"https:\/\/yannlazoo.art\/wp-content\/uploads\/2022\/12\/20200619_110753-scaled.jpg\" data-elementor-open-lightbox=\"yes\" data-elementor-lightbox-slideshow=\"c18aadb\" data-elementor-lightbox-title=\"20200619_110753\" data-e-action-hash=\"#elementor-action%3Aaction%3Dlightbox%26settings%3DeyJpZCI6MTA0NCwidXJsIjoiaHR0cHM6XC9cL3lhbm5sYXpvby5hcnRcL3dwLWNvbnRlbnRcL3VwbG9hZHNcLzIwMjJcLzEyXC8yMDIwMDYxOV8xMTA3NTMtc2NhbGVkLmpwZyIsInNsaWRlc2hvdyI6ImMxOGFhZGIifQ%3D%3D\">\n\t\t\t\t\t<div class=\"e-gallery-image elementor-gallery-item__image\" data-thumbnail=\"https:\/\/yannlazoo.art\/wp-content\/uploads\/2022\/12\/20200619_110753-768x576.jpg\" data-width=\"768\" data-height=\"576\" aria-label=\"\" role=\"img\" ><\/div>\n\t\t\t\t\t\t\t\t\t\t\t<div class=\"elementor-gallery-item__overlay\"><\/div>\n\t\t\t\t\t\t\t\t\t\t\t\t\t\t<\/a>\n\t\t\t\t\t\t\t<a class=\"e-gallery-item elementor-gallery-item elementor-animated-content\" href=\"https:\/\/yannlazoo.art\/wp-content\/uploads\/2022\/12\/20200619_110800-scaled.jpg\" data-elementor-open-lightbox=\"yes\" data-elementor-lightbox-slideshow=\"c18aadb\" data-elementor-lightbox-title=\"20200619_110800\" data-e-action-hash=\"#elementor-action%3Aaction%3Dlightbox%26settings%3DeyJpZCI6MTA0NSwidXJsIjoiaHR0cHM6XC9cL3lhbm5sYXpvby5hcnRcL3dwLWNvbnRlbnRcL3VwbG9hZHNcLzIwMjJcLzEyXC8yMDIwMDYxOV8xMTA4MDAtc2NhbGVkLmpwZyIsInNsaWRlc2hvdyI6ImMxOGFhZGIifQ%3D%3D\">\n\t\t\t\t\t<div class=\"e-gallery-image elementor-gallery-item__image\" data-thumbnail=\"https:\/\/yannlazoo.art\/wp-content\/uploads\/2022\/12\/20200619_110800-768x576.jpg\" data-width=\"768\" data-height=\"576\" aria-label=\"\" role=\"img\" ><\/div>\n\t\t\t\t\t\t\t\t\t\t\t<div class=\"elementor-gallery-item__overlay\"><\/div>\n\t\t\t\t\t\t\t\t\t\t\t\t\t\t<\/a>\n\t\t\t\t\t\t\t<a class=\"e-gallery-item elementor-gallery-item elementor-animated-content\" href=\"https:\/\/yannlazoo.art\/wp-content\/uploads\/2022\/12\/20200619_110814-scaled.jpg\" data-elementor-open-lightbox=\"yes\" data-elementor-lightbox-slideshow=\"c18aadb\" data-elementor-lightbox-title=\"20200619_110814\" data-e-action-hash=\"#elementor-action%3Aaction%3Dlightbox%26settings%3DeyJpZCI6MTA0NiwidXJsIjoiaHR0cHM6XC9cL3lhbm5sYXpvby5hcnRcL3dwLWNvbnRlbnRcL3VwbG9hZHNcLzIwMjJcLzEyXC8yMDIwMDYxOV8xMTA4MTQtc2NhbGVkLmpwZyIsInNsaWRlc2hvdyI6ImMxOGFhZGIifQ%3D%3D\">\n\t\t\t\t\t<div class=\"e-gallery-image elementor-gallery-item__image\" data-thumbnail=\"https:\/\/yannlazoo.art\/wp-content\/uploads\/2022\/12\/20200619_110814-768x576.jpg\" data-width=\"768\" data-height=\"576\" aria-label=\"\" role=\"img\" ><\/div>\n\t\t\t\t\t\t\t\t\t\t\t<div class=\"elementor-gallery-item__overlay\"><\/div>\n\t\t\t\t\t\t\t\t\t\t\t\t\t\t<\/a>\n\t\t\t\t\t\t\t<a class=\"e-gallery-item elementor-gallery-item elementor-animated-content\" href=\"https:\/\/yannlazoo.art\/wp-content\/uploads\/2022\/12\/20200619_110848-scaled.jpg\" data-elementor-open-lightbox=\"yes\" data-elementor-lightbox-slideshow=\"c18aadb\" data-elementor-lightbox-title=\"20200619_110848\" data-e-action-hash=\"#elementor-action%3Aaction%3Dlightbox%26settings%3DeyJpZCI6MTA0NywidXJsIjoiaHR0cHM6XC9cL3lhbm5sYXpvby5hcnRcL3dwLWNvbnRlbnRcL3VwbG9hZHNcLzIwMjJcLzEyXC8yMDIwMDYxOV8xMTA4NDgtc2NhbGVkLmpwZyIsInNsaWRlc2hvdyI6ImMxOGFhZGIifQ%3D%3D\">\n\t\t\t\t\t<div class=\"e-gallery-image elementor-gallery-item__image\" data-thumbnail=\"https:\/\/yannlazoo.art\/wp-content\/uploads\/2022\/12\/20200619_110848-768x576.jpg\" data-width=\"768\" data-height=\"576\" aria-label=\"\" role=\"img\" ><\/div>\n\t\t\t\t\t\t\t\t\t\t\t<div class=\"elementor-gallery-item__overlay\"><\/div>\n\t\t\t\t\t\t\t\t\t\t\t\t\t\t<\/a>\n\t\t\t\t\t\t\t<a class=\"e-gallery-item elementor-gallery-item elementor-animated-content\" href=\"https:\/\/yannlazoo.art\/wp-content\/uploads\/2022\/12\/20200619_110900-scaled.jpg\" data-elementor-open-lightbox=\"yes\" data-elementor-lightbox-slideshow=\"c18aadb\" data-elementor-lightbox-title=\"20200619_110900\" data-e-action-hash=\"#elementor-action%3Aaction%3Dlightbox%26settings%3DeyJpZCI6MTA0OCwidXJsIjoiaHR0cHM6XC9cL3lhbm5sYXpvby5hcnRcL3dwLWNvbnRlbnRcL3VwbG9hZHNcLzIwMjJcLzEyXC8yMDIwMDYxOV8xMTA5MDAtc2NhbGVkLmpwZyIsInNsaWRlc2hvdyI6ImMxOGFhZGIifQ%3D%3D\">\n\t\t\t\t\t<div class=\"e-gallery-image elementor-gallery-item__image\" data-thumbnail=\"https:\/\/yannlazoo.art\/wp-content\/uploads\/2022\/12\/20200619_110900-768x576.jpg\" data-width=\"768\" data-height=\"576\" aria-label=\"\" role=\"img\" ><\/div>\n\t\t\t\t\t\t\t\t\t\t\t<div class=\"elementor-gallery-item__overlay\"><\/div>\n\t\t\t\t\t\t\t\t\t\t\t\t\t\t<\/a>\n\t\t\t\t\t\t\t<a class=\"e-gallery-item elementor-gallery-item elementor-animated-content\" href=\"https:\/\/yannlazoo.art\/wp-content\/uploads\/2022\/12\/20200619_110909-scaled.jpg\" data-elementor-open-lightbox=\"yes\" data-elementor-lightbox-slideshow=\"c18aadb\" data-elementor-lightbox-title=\"20200619_110909\" data-e-action-hash=\"#elementor-action%3Aaction%3Dlightbox%26settings%3DeyJpZCI6MTA0OSwidXJsIjoiaHR0cHM6XC9cL3lhbm5sYXpvby5hcnRcL3dwLWNvbnRlbnRcL3VwbG9hZHNcLzIwMjJcLzEyXC8yMDIwMDYxOV8xMTA5MDktc2NhbGVkLmpwZyIsInNsaWRlc2hvdyI6ImMxOGFhZGIifQ%3D%3D\">\n\t\t\t\t\t<div class=\"e-gallery-image elementor-gallery-item__image\" data-thumbnail=\"https:\/\/yannlazoo.art\/wp-content\/uploads\/2022\/12\/20200619_110909-768x576.jpg\" data-width=\"768\" data-height=\"576\" aria-label=\"\" role=\"img\" ><\/div>\n\t\t\t\t\t\t\t\t\t\t\t<div class=\"elementor-gallery-item__overlay\"><\/div>\n\t\t\t\t\t\t\t\t\t\t\t\t\t\t<\/a>\n\t\t\t\t\t\t\t<a class=\"e-gallery-item elementor-gallery-item elementor-animated-content\" href=\"https:\/\/yannlazoo.art\/wp-content\/uploads\/2022\/12\/20200619_111219-scaled.jpg\" data-elementor-open-lightbox=\"yes\" data-elementor-lightbox-slideshow=\"c18aadb\" data-elementor-lightbox-title=\"20200619_111219\" data-e-action-hash=\"#elementor-action%3Aaction%3Dlightbox%26settings%3DeyJpZCI6MTA1MCwidXJsIjoiaHR0cHM6XC9cL3lhbm5sYXpvby5hcnRcL3dwLWNvbnRlbnRcL3VwbG9hZHNcLzIwMjJcLzEyXC8yMDIwMDYxOV8xMTEyMTktc2NhbGVkLmpwZyIsInNsaWRlc2hvdyI6ImMxOGFhZGIifQ%3D%3D\">\n\t\t\t\t\t<div class=\"e-gallery-image elementor-gallery-item__image\" data-thumbnail=\"https:\/\/yannlazoo.art\/wp-content\/uploads\/2022\/12\/20200619_111219-768x1024.jpg\" data-width=\"768\" data-height=\"1024\" aria-label=\"\" role=\"img\" ><\/div>\n\t\t\t\t\t\t\t\t\t\t\t<div class=\"elementor-gallery-item__overlay\"><\/div>\n\t\t\t\t\t\t\t\t\t\t\t\t\t\t<\/a>\n\t\t\t\t\t\t\t<a class=\"e-gallery-item elementor-gallery-item elementor-animated-content\" href=\"https:\/\/yannlazoo.art\/wp-content\/uploads\/2022\/12\/20200619_111507-scaled.jpg\" data-elementor-open-lightbox=\"yes\" data-elementor-lightbox-slideshow=\"c18aadb\" data-elementor-lightbox-title=\"20200619_111507\" data-e-action-hash=\"#elementor-action%3Aaction%3Dlightbox%26settings%3DeyJpZCI6MTA1MSwidXJsIjoiaHR0cHM6XC9cL3lhbm5sYXpvby5hcnRcL3dwLWNvbnRlbnRcL3VwbG9hZHNcLzIwMjJcLzEyXC8yMDIwMDYxOV8xMTE1MDctc2NhbGVkLmpwZyIsInNsaWRlc2hvdyI6ImMxOGFhZGIifQ%3D%3D\">\n\t\t\t\t\t<div class=\"e-gallery-image elementor-gallery-item__image\" data-thumbnail=\"https:\/\/yannlazoo.art\/wp-content\/uploads\/2022\/12\/20200619_111507-768x576.jpg\" data-width=\"768\" data-height=\"576\" aria-label=\"\" role=\"img\" ><\/div>\n\t\t\t\t\t\t\t\t\t\t\t<div class=\"elementor-gallery-item__overlay\"><\/div>\n\t\t\t\t\t\t\t\t\t\t\t\t\t\t<\/a>\n\t\t\t\t\t\t\t<a class=\"e-gallery-item elementor-gallery-item elementor-animated-content\" href=\"https:\/\/yannlazoo.art\/wp-content\/uploads\/2022\/12\/20200619_111532-scaled.jpg\" data-elementor-open-lightbox=\"yes\" data-elementor-lightbox-slideshow=\"c18aadb\" data-elementor-lightbox-title=\"20200619_111532\" data-e-action-hash=\"#elementor-action%3Aaction%3Dlightbox%26settings%3DeyJpZCI6MTA1MiwidXJsIjoiaHR0cHM6XC9cL3lhbm5sYXpvby5hcnRcL3dwLWNvbnRlbnRcL3VwbG9hZHNcLzIwMjJcLzEyXC8yMDIwMDYxOV8xMTE1MzItc2NhbGVkLmpwZyIsInNsaWRlc2hvdyI6ImMxOGFhZGIifQ%3D%3D\">\n\t\t\t\t\t<div class=\"e-gallery-image elementor-gallery-item__image\" data-thumbnail=\"https:\/\/yannlazoo.art\/wp-content\/uploads\/2022\/12\/20200619_111532-768x1024.jpg\" data-width=\"768\" data-height=\"1024\" aria-label=\"\" role=\"img\" ><\/div>\n\t\t\t\t\t\t\t\t\t\t\t<div class=\"elementor-gallery-item__overlay\"><\/div>\n\t\t\t\t\t\t\t\t\t\t\t\t\t\t<\/a>\n\t\t\t\t\t\t\t<a class=\"e-gallery-item elementor-gallery-item elementor-animated-content\" href=\"https:\/\/yannlazoo.art\/wp-content\/uploads\/2022\/12\/20200619_111543-scaled.jpg\" data-elementor-open-lightbox=\"yes\" data-elementor-lightbox-slideshow=\"c18aadb\" data-elementor-lightbox-title=\"20200619_111543\" data-e-action-hash=\"#elementor-action%3Aaction%3Dlightbox%26settings%3DeyJpZCI6MTA1MywidXJsIjoiaHR0cHM6XC9cL3lhbm5sYXpvby5hcnRcL3dwLWNvbnRlbnRcL3VwbG9hZHNcLzIwMjJcLzEyXC8yMDIwMDYxOV8xMTE1NDMtc2NhbGVkLmpwZyIsInNsaWRlc2hvdyI6ImMxOGFhZGIifQ%3D%3D\">\n\t\t\t\t\t<div class=\"e-gallery-image elementor-gallery-item__image\" data-thumbnail=\"https:\/\/yannlazoo.art\/wp-content\/uploads\/2022\/12\/20200619_111543-768x576.jpg\" data-width=\"768\" data-height=\"576\" aria-label=\"\" role=\"img\" ><\/div>\n\t\t\t\t\t\t\t\t\t\t\t<div class=\"elementor-gallery-item__overlay\"><\/div>\n\t\t\t\t\t\t\t\t\t\t\t\t\t\t<\/a>\n\t\t\t\t\t\t\t<a class=\"e-gallery-item elementor-gallery-item elementor-animated-content\" href=\"https:\/\/yannlazoo.art\/wp-content\/uploads\/2022\/12\/20200619_111559-scaled.jpg\" data-elementor-open-lightbox=\"yes\" data-elementor-lightbox-slideshow=\"c18aadb\" data-elementor-lightbox-title=\"20200619_111559\" data-e-action-hash=\"#elementor-action%3Aaction%3Dlightbox%26settings%3DeyJpZCI6MTA1NCwidXJsIjoiaHR0cHM6XC9cL3lhbm5sYXpvby5hcnRcL3dwLWNvbnRlbnRcL3VwbG9hZHNcLzIwMjJcLzEyXC8yMDIwMDYxOV8xMTE1NTktc2NhbGVkLmpwZyIsInNsaWRlc2hvdyI6ImMxOGFhZGIifQ%3D%3D\">\n\t\t\t\t\t<div class=\"e-gallery-image elementor-gallery-item__image\" data-thumbnail=\"https:\/\/yannlazoo.art\/wp-content\/uploads\/2022\/12\/20200619_111559-768x576.jpg\" data-width=\"768\" data-height=\"576\" aria-label=\"\" role=\"img\" ><\/div>\n\t\t\t\t\t\t\t\t\t\t\t<div class=\"elementor-gallery-item__overlay\"><\/div>\n\t\t\t\t\t\t\t\t\t\t\t\t\t\t<\/a>\n\t\t\t\t\t\t\t<a class=\"e-gallery-item elementor-gallery-item elementor-animated-content\" href=\"https:\/\/yannlazoo.art\/wp-content\/uploads\/2022\/12\/20200619_111609-scaled.jpg\" data-elementor-open-lightbox=\"yes\" data-elementor-lightbox-slideshow=\"c18aadb\" data-elementor-lightbox-title=\"20200619_111609\" data-e-action-hash=\"#elementor-action%3Aaction%3Dlightbox%26settings%3DeyJpZCI6MTA1NSwidXJsIjoiaHR0cHM6XC9cL3lhbm5sYXpvby5hcnRcL3dwLWNvbnRlbnRcL3VwbG9hZHNcLzIwMjJcLzEyXC8yMDIwMDYxOV8xMTE2MDktc2NhbGVkLmpwZyIsInNsaWRlc2hvdyI6ImMxOGFhZGIifQ%3D%3D\">\n\t\t\t\t\t<div class=\"e-gallery-image elementor-gallery-item__image\" data-thumbnail=\"https:\/\/yannlazoo.art\/wp-content\/uploads\/2022\/12\/20200619_111609-768x576.jpg\" data-width=\"768\" data-height=\"576\" aria-label=\"\" role=\"img\" ><\/div>\n\t\t\t\t\t\t\t\t\t\t\t<div class=\"elementor-gallery-item__overlay\"><\/div>\n\t\t\t\t\t\t\t\t\t\t\t\t\t\t<\/a>\n\t\t\t\t\t\t\t<a class=\"e-gallery-item elementor-gallery-item elementor-animated-content\" href=\"https:\/\/yannlazoo.art\/wp-content\/uploads\/2022\/12\/20200619_111808-scaled.jpg\" data-elementor-open-lightbox=\"yes\" data-elementor-lightbox-slideshow=\"c18aadb\" data-elementor-lightbox-title=\"20200619_111808\" data-e-action-hash=\"#elementor-action%3Aaction%3Dlightbox%26settings%3DeyJpZCI6MTA1NiwidXJsIjoiaHR0cHM6XC9cL3lhbm5sYXpvby5hcnRcL3dwLWNvbnRlbnRcL3VwbG9hZHNcLzIwMjJcLzEyXC8yMDIwMDYxOV8xMTE4MDgtc2NhbGVkLmpwZyIsInNsaWRlc2hvdyI6ImMxOGFhZGIifQ%3D%3D\">\n\t\t\t\t\t<div class=\"e-gallery-image elementor-gallery-item__image\" data-thumbnail=\"https:\/\/yannlazoo.art\/wp-content\/uploads\/2022\/12\/20200619_111808-768x576.jpg\" data-width=\"768\" data-height=\"576\" aria-label=\"\" role=\"img\" ><\/div>\n\t\t\t\t\t\t\t\t\t\t\t<div class=\"elementor-gallery-item__overlay\"><\/div>\n\t\t\t\t\t\t\t\t\t\t\t\t\t\t<\/a>\n\t\t\t\t\t<\/div>\n\t\t\t\t\t<\/div>\n\t\t\t\t<\/div>\n\t\t\t\t\t<\/div>\n\t\t<\/div>\n\t\t\t\t\t<\/div>\n\t\t<\/section>\n\t\t\t\t<\/div>\n\t\t","protected":false},"excerpt":{"rendered":"<p>Fresques au coll\u00e8ge Victor HUGO, Paris. Dans le cadre du budget participatif citoyen de la Ville de Paris, le coll\u00e8ge Victor HUGO a sollicit\u00e9 une d\u00e9coration des cours du coll\u00e8ge. Apr\u00e8s concertation de l\u2019\u00e9quipe p\u00e9dagogique de l\u2019\u00e9cole, le th\u00e8me retenu fut l\u2019immersion v\u00e9g\u00e9tale, pour r\u00e9pondre \u00e0 l\u2019environnement tr\u00e8s min\u00e9ral et urbain des espaces concern\u00e9s. Malgr\u00e9 [&hellip;]<\/p>\n","protected":false},"author":1,"featured_media":0,"parent":0,"menu_order":0,"comment_status":"closed","ping_status":"closed","template":"elementor_header_footer","meta":{"footnotes":""},"class_list":["post-342","page","type-page","status-publish","hentry"],"_links":{"self":[{"href":"https:\/\/yannlazoo.art\/index.php?rest_route=\/wp\/v2\/pages\/342","targetHints":{"allow":["GET"]}}],"collection":[{"href":"https:\/\/yannlazoo.art\/index.php?rest_route=\/wp\/v2\/pages"}],"about":[{"href":"https:\/\/yannlazoo.art\/index.php?rest_route=\/wp\/v2\/types\/page"}],"author":[{"embeddable":true,"href":"https:\/\/yannlazoo.art\/index.php?rest_route=\/wp\/v2\/users\/1"}],"replies":[{"embeddable":true,"href":"https:\/\/yannlazoo.art\/index.php?rest_route=%2Fwp%2Fv2%2Fcomments&post=342"}],"version-history":[{"count":25,"href":"https:\/\/yannlazoo.art\/index.php?rest_route=\/wp\/v2\/pages\/342\/revisions"}],"predecessor-version":[{"id":1687,"href":"https:\/\/yannlazoo.art\/index.php?rest_route=\/wp\/v2\/pages\/342\/revisions\/1687"}],"wp:attachment":[{"href":"https:\/\/yannlazoo.art\/index.php?rest_route=%2Fwp%2Fv2%2Fmedia&parent=342"}],"curies":[{"name":"wp","href":"https:\/\/api.w.org\/{rel}","templated":true}]}}