{"id":484,"date":"2022-11-29T22:39:53","date_gmt":"2022-11-29T21:39:53","guid":{"rendered":"https:\/\/yannlazoo.art\/?page_id=484"},"modified":"2022-12-09T12:01:52","modified_gmt":"2022-12-09T11:01:52","slug":"a-propos","status":"publish","type":"page","link":"https:\/\/yannlazoo.art\/?page_id=484","title":{"rendered":"A propos"},"content":{"rendered":"\t\t<div data-elementor-type=\"wp-page\" data-elementor-id=\"484\" class=\"elementor elementor-484\" data-elementor-post-type=\"page\">\n\t\t\t\t\t\t<section class=\"elementor-section elementor-top-section elementor-element elementor-element-d7ba216 elementor-section-boxed elementor-section-height-default elementor-section-height-default\" data-id=\"d7ba216\" data-element_type=\"section\" data-e-type=\"section\">\n\t\t\t\t\t\t<div class=\"elementor-container elementor-column-gap-default\">\n\t\t\t\t\t<div class=\"elementor-column elementor-col-100 elementor-top-column elementor-element elementor-element-82ea2b2\" data-id=\"82ea2b2\" data-element_type=\"column\" data-e-type=\"column\">\n\t\t\t<div class=\"elementor-widget-wrap elementor-element-populated\">\n\t\t\t\t\t\t<div class=\"elementor-element elementor-element-f64b44f elementor-widget elementor-widget-spacer\" data-id=\"f64b44f\" data-element_type=\"widget\" data-e-type=\"widget\" data-widget_type=\"spacer.default\">\n\t\t\t\t<div class=\"elementor-widget-container\">\n\t\t\t\t\t\t\t<div class=\"elementor-spacer\">\n\t\t\t<div class=\"elementor-spacer-inner\"><\/div>\n\t\t<\/div>\n\t\t\t\t\t\t<\/div>\n\t\t\t\t<\/div>\n\t\t\t\t\t<\/div>\n\t\t<\/div>\n\t\t\t\t\t<\/div>\n\t\t<\/section>\n\t\t\t\t<section class=\"elementor-section elementor-top-section elementor-element elementor-element-b2a784a elementor-section-boxed elementor-section-height-default elementor-section-height-default\" data-id=\"b2a784a\" data-element_type=\"section\" data-e-type=\"section\">\n\t\t\t\t\t\t<div class=\"elementor-container elementor-column-gap-default\">\n\t\t\t\t\t<div class=\"elementor-column elementor-col-100 elementor-top-column elementor-element elementor-element-8cc1c6b\" data-id=\"8cc1c6b\" data-element_type=\"column\" data-e-type=\"column\">\n\t\t\t<div class=\"elementor-widget-wrap elementor-element-populated\">\n\t\t\t\t\t\t<div class=\"elementor-element elementor-element-c9dea35 elementor-widget elementor-widget-heading\" data-id=\"c9dea35\" data-element_type=\"widget\" data-e-type=\"widget\" data-widget_type=\"heading.default\">\n\t\t\t\t<div class=\"elementor-widget-container\">\n\t\t\t\t\t<h2 class=\"elementor-heading-title elementor-size-default\">Yann LAZOO<\/h2>\t\t\t\t<\/div>\n\t\t\t\t<\/div>\n\t\t\t\t<div class=\"elementor-element elementor-element-821f8cd elementor-widget elementor-widget-heading\" data-id=\"821f8cd\" data-element_type=\"widget\" data-e-type=\"widget\" data-widget_type=\"heading.default\">\n\t\t\t\t<div class=\"elementor-widget-container\">\n\t\t\t\t\t<h2 class=\"elementor-heading-title elementor-size-default\">Graffiti art, , Illustrations, Direction artistique<\/h2>\t\t\t\t<\/div>\n\t\t\t\t<\/div>\n\t\t\t\t\t<\/div>\n\t\t<\/div>\n\t\t\t\t\t<\/div>\n\t\t<\/section>\n\t\t\t\t<section class=\"elementor-section elementor-top-section elementor-element elementor-element-005e91c elementor-section-boxed elementor-section-height-default elementor-section-height-default\" data-id=\"005e91c\" data-element_type=\"section\" data-e-type=\"section\">\n\t\t\t\t\t\t<div class=\"elementor-container elementor-column-gap-default\">\n\t\t\t\t\t<div class=\"elementor-column elementor-col-100 elementor-top-column elementor-element elementor-element-0b34635\" data-id=\"0b34635\" data-element_type=\"column\" data-e-type=\"column\">\n\t\t\t<div class=\"elementor-widget-wrap elementor-element-populated\">\n\t\t\t\t\t\t<div class=\"elementor-element elementor-element-08bd8de elementor-widget-divider--view-line elementor-widget elementor-widget-divider\" data-id=\"08bd8de\" data-element_type=\"widget\" data-e-type=\"widget\" data-widget_type=\"divider.default\">\n\t\t\t\t<div class=\"elementor-widget-container\">\n\t\t\t\t\t\t\t<div class=\"elementor-divider\">\n\t\t\t<span class=\"elementor-divider-separator\">\n\t\t\t\t\t\t<\/span>\n\t\t<\/div>\n\t\t\t\t\t\t<\/div>\n\t\t\t\t<\/div>\n\t\t\t\t\t<\/div>\n\t\t<\/div>\n\t\t\t\t\t<\/div>\n\t\t<\/section>\n\t\t\t\t<section class=\"elementor-section elementor-top-section elementor-element elementor-element-9df5d20 elementor-section-boxed elementor-section-height-default elementor-section-height-default\" data-id=\"9df5d20\" data-element_type=\"section\" data-e-type=\"section\">\n\t\t\t\t\t\t<div class=\"elementor-container elementor-column-gap-default\">\n\t\t\t\t\t<div class=\"elementor-column elementor-col-100 elementor-top-column elementor-element elementor-element-afddedb\" data-id=\"afddedb\" data-element_type=\"column\" data-e-type=\"column\">\n\t\t\t<div class=\"elementor-widget-wrap elementor-element-populated\">\n\t\t\t\t\t\t<div class=\"elementor-element elementor-element-5828a74 elementor-widget elementor-widget-spacer\" data-id=\"5828a74\" data-element_type=\"widget\" data-e-type=\"widget\" data-widget_type=\"spacer.default\">\n\t\t\t\t<div class=\"elementor-widget-container\">\n\t\t\t\t\t\t\t<div class=\"elementor-spacer\">\n\t\t\t<div class=\"elementor-spacer-inner\"><\/div>\n\t\t<\/div>\n\t\t\t\t\t\t<\/div>\n\t\t\t\t<\/div>\n\t\t\t\t\t<\/div>\n\t\t<\/div>\n\t\t\t\t\t<\/div>\n\t\t<\/section>\n\t\t\t\t<section class=\"elementor-section elementor-top-section elementor-element elementor-element-01cf7dd elementor-section-boxed elementor-section-height-default elementor-section-height-default\" data-id=\"01cf7dd\" data-element_type=\"section\" data-e-type=\"section\">\n\t\t\t\t\t\t<div class=\"elementor-container elementor-column-gap-default\">\n\t\t\t\t\t<div class=\"elementor-column elementor-col-33 elementor-top-column elementor-element elementor-element-00dd3ea\" data-id=\"00dd3ea\" data-element_type=\"column\" data-e-type=\"column\">\n\t\t\t<div class=\"elementor-widget-wrap elementor-element-populated\">\n\t\t\t\t\t\t<div class=\"elementor-element elementor-element-a7fee45 elementor-widget elementor-widget-image\" data-id=\"a7fee45\" data-element_type=\"widget\" data-e-type=\"widget\" data-widget_type=\"image.default\">\n\t\t\t\t<div class=\"elementor-widget-container\">\n\t\t\t\t\t\t\t\t\t\t\t\t<figure class=\"wp-caption\">\n\t\t\t\t\t\t\t\t\t\t<img decoding=\"async\" src=\"https:\/\/yannlazoo.art\/wp-content\/uploads\/2022\/11\/IMG_0600-scaled.jpg\" title=\"IMG_0600\" alt=\"IMG_0600\" loading=\"lazy\" \/>\t\t\t\t\t\t\t\t\t\t\t<figcaption class=\"widget-image-caption wp-caption-text\">Photo: G.Kaltakkiran<\/figcaption>\n\t\t\t\t\t\t\t\t\t\t<\/figure>\n\t\t\t\t\t\t\t\t\t<\/div>\n\t\t\t\t<\/div>\n\t\t\t\t\t<\/div>\n\t\t<\/div>\n\t\t\t\t<div class=\"elementor-column elementor-col-66 elementor-top-column elementor-element elementor-element-506287a\" data-id=\"506287a\" data-element_type=\"column\" data-e-type=\"column\">\n\t\t\t<div class=\"elementor-widget-wrap elementor-element-populated\">\n\t\t\t\t\t\t<div class=\"elementor-element elementor-element-a442378 elementor-widget elementor-widget-text-editor\" data-id=\"a442378\" data-element_type=\"widget\" data-e-type=\"widget\" data-widget_type=\"text-editor.default\">\n\t\t\t\t<div class=\"elementor-widget-container\">\n\t\t\t\t\t\t\t\t\t<p>N\u00e9 \u00e0 Paris en 1969, Lazoo a d\u00e9but\u00e9 sa production picturale en 1986. Se reconnaissant dans la figuration narrative , Lazoo a pour sources d\u2019inspirations principales\u00a0\u00a0 l\u2019univers de la bande dessin\u00e9e et de la musique, Il utilise tout d\u2019abord des pochoirs pour recouvrir les murs, avant de se tourner vers d\u2019autres techniques telles la bombes, le pinceau ou encore le marqueur sur toile. Son style figuratif et son usage des couleurs le rendent ais\u00e9ment identifiable. Lazoo d\u00e9veloppe essentiellement des productions monumentales et des projets culturels seul ou avec d\u2019autres artistes.<\/p><p>Cofondateur des rencontres internationales Kosmopolite, Lazoo a expos\u00e9 en Allemagne, Japon, Indon\u00e9sie, \u00c9tats Unis ou encore Afrique du Sud. Il a notamment expos\u00e9 au Grand Palais \u00e0 l\u2019occasion de \u00ab TAG au grand Palais \u00bb, \u00e0 la Biennale du Mus\u00e9e MUBE \u00e0 S\u00e3o Paulo, au Mus\u00e9e Groeningen de Brugges, ou plus r\u00e9cemment \u00e0 la Pinacoth\u00e8que de Paris \u00e0 Singapour o\u00f9 il a con\u00e7u et dirig\u00e9 un projet international de fresque dans le mus\u00e9e.Lazoo d\u00e9veloppe \u00e9galement des projets dont il fait la direction artistique, comme \u00ab Face Au Mur, \u00bb, un projet regroupant 20 artistes et ayant attir\u00e9 plus de 15000 visiteurs.<\/p><p>Aujourdhui Lazoo nourrit son travail par les voyages et les rencontres. Utilisant sa peinture comme outils de transmission et d\u2019\u00e9change, il parcourt les cinq continents pour partager son travail avec des publics et des artistes locaux sous formes de fresques, d\u2019expositions, de collaborations ou d\u2019ateliers.<\/p>\t\t\t\t\t\t\t\t<\/div>\n\t\t\t\t<\/div>\n\t\t\t\t\t<\/div>\n\t\t<\/div>\n\t\t\t\t\t<\/div>\n\t\t<\/section>\n\t\t\t\t<section class=\"elementor-section elementor-top-section elementor-element elementor-element-a7a72b1 elementor-section-boxed elementor-section-height-default elementor-section-height-default\" data-id=\"a7a72b1\" data-element_type=\"section\" data-e-type=\"section\">\n\t\t\t\t\t\t<div class=\"elementor-container elementor-column-gap-default\">\n\t\t\t\t\t<div class=\"elementor-column elementor-col-100 elementor-top-column elementor-element elementor-element-a77a3ca\" data-id=\"a77a3ca\" data-element_type=\"column\" data-e-type=\"column\">\n\t\t\t<div class=\"elementor-widget-wrap elementor-element-populated\">\n\t\t\t\t\t\t<div class=\"elementor-element elementor-element-75b3887 elementor-widget-divider--view-line elementor-widget elementor-widget-divider\" data-id=\"75b3887\" data-element_type=\"widget\" data-e-type=\"widget\" data-widget_type=\"divider.default\">\n\t\t\t\t<div class=\"elementor-widget-container\">\n\t\t\t\t\t\t\t<div class=\"elementor-divider\">\n\t\t\t<span class=\"elementor-divider-separator\">\n\t\t\t\t\t\t<\/span>\n\t\t<\/div>\n\t\t\t\t\t\t<\/div>\n\t\t\t\t<\/div>\n\t\t\t\t\t<\/div>\n\t\t<\/div>\n\t\t\t\t\t<\/div>\n\t\t<\/section>\n\t\t\t\t<section class=\"elementor-section elementor-top-section elementor-element elementor-element-412e0ed elementor-section-boxed elementor-section-height-default elementor-section-height-default\" data-id=\"412e0ed\" data-element_type=\"section\" data-e-type=\"section\">\n\t\t\t\t\t\t<div class=\"elementor-container elementor-column-gap-default\">\n\t\t\t\t\t<div class=\"elementor-column elementor-col-100 elementor-top-column elementor-element elementor-element-86f223c\" data-id=\"86f223c\" data-element_type=\"column\" data-e-type=\"column\">\n\t\t\t<div class=\"elementor-widget-wrap elementor-element-populated\">\n\t\t\t\t\t\t<div class=\"elementor-element elementor-element-b21e356 elementor-widget elementor-widget-image\" data-id=\"b21e356\" data-element_type=\"widget\" data-e-type=\"widget\" data-widget_type=\"image.default\">\n\t\t\t\t<div class=\"elementor-widget-container\">\n\t\t\t\t\t\t\t\t\t\t\t\t\t\t\t<img fetchpriority=\"high\" decoding=\"async\" width=\"800\" height=\"405\" src=\"https:\/\/yannlazoo.art\/wp-content\/uploads\/2022\/12\/photo-expo-Singapour-1024x519.jpg\" class=\"attachment-large size-large wp-image-1304\" alt=\"\" srcset=\"https:\/\/yannlazoo.art\/wp-content\/uploads\/2022\/12\/photo-expo-Singapour-1024x519.jpg 1024w, https:\/\/yannlazoo.art\/wp-content\/uploads\/2022\/12\/photo-expo-Singapour-300x152.jpg 300w, https:\/\/yannlazoo.art\/wp-content\/uploads\/2022\/12\/photo-expo-Singapour-768x389.jpg 768w, https:\/\/yannlazoo.art\/wp-content\/uploads\/2022\/12\/photo-expo-Singapour-1536x778.jpg 1536w, https:\/\/yannlazoo.art\/wp-content\/uploads\/2022\/12\/photo-expo-Singapour-2048x1037.jpg 2048w\" sizes=\"(max-width: 800px) 100vw, 800px\" \/>\t\t\t\t\t\t\t\t\t\t\t\t\t\t\t<\/div>\n\t\t\t\t<\/div>\n\t\t\t\t\t<\/div>\n\t\t<\/div>\n\t\t\t\t\t<\/div>\n\t\t<\/section>\n\t\t\t\t<section class=\"elementor-section elementor-top-section elementor-element elementor-element-6d5678e elementor-section-boxed elementor-section-height-default elementor-section-height-default\" data-id=\"6d5678e\" data-element_type=\"section\" data-e-type=\"section\">\n\t\t\t\t\t\t<div class=\"elementor-container elementor-column-gap-default\">\n\t\t\t\t\t<div class=\"elementor-column elementor-col-33 elementor-top-column elementor-element elementor-element-2f5d1cb\" data-id=\"2f5d1cb\" data-element_type=\"column\" data-e-type=\"column\">\n\t\t\t<div class=\"elementor-widget-wrap elementor-element-populated\">\n\t\t\t\t\t\t<div class=\"elementor-element elementor-element-6147d02 elementor-widget elementor-widget-heading\" data-id=\"6147d02\" data-element_type=\"widget\" data-e-type=\"widget\" data-widget_type=\"heading.default\">\n\t\t\t\t<div class=\"elementor-widget-container\">\n\t\t\t\t\t<h2 class=\"elementor-heading-title elementor-size-default\">Expositions<\/h2>\t\t\t\t<\/div>\n\t\t\t\t<\/div>\n\t\t\t\t\t<\/div>\n\t\t<\/div>\n\t\t\t\t<div class=\"elementor-column elementor-col-66 elementor-top-column elementor-element elementor-element-935be60\" data-id=\"935be60\" data-element_type=\"column\" data-e-type=\"column\">\n\t\t\t<div class=\"elementor-widget-wrap elementor-element-populated\">\n\t\t\t\t\t\t<div class=\"elementor-element elementor-element-adedfe6 elementor-widget elementor-widget-text-editor\" data-id=\"adedfe6\" data-element_type=\"widget\" data-e-type=\"widget\" data-widget_type=\"text-editor.default\">\n\t\t\t\t<div class=\"elementor-widget-container\">\n\t\t\t\t\t\t\t\t\t<p><strong>2022 :<\/strong><br \/>Exposition \u00abR\u00e9union Graffiti \u00bb \u00e0 la Cit\u00e9 des Arts, Saint Denis de la R\u00e9union.<\/p><p>District 13 Art Fair, Rose studio Art, Drouot, Paris<\/p><p><strong>2021 :<\/strong><br \/>Exposition \u00abR\u00e9union Graffiti \u00bb \u00e0 la Cit\u00e9 des Arts, Saint Denis de la R\u00e9union.<\/p><p><strong>2019 :<\/strong><br \/>Exposition Opus galerie, Saint Denis de la R\u00e9union.<\/p><p><strong>2018 :<\/strong><br \/>Exposition \u00abExpansion \u00bb \u00e0 la Gare Exp\u00e9rimentale, Paris.<br \/>Exposition \u00e0 la Manufacture 111, Bruxelles.<\/p><p><strong>2017 :<\/strong><br \/>Exposition \u00e0 la Blank Gallery, Tokyo,<br \/>Exposition \u00ab Soul &amp; Paper \u00bb, Dimlight Studio, Hiroshima,<br \/>Exposition au Jakarta Artstage 2017, Jakarta 2017,<br \/>Exposition Graffiti Street Art, Galerie Camille Burgi, Paris,<\/p><p><strong>2016 :<\/strong><br \/>Exposition \u00ab Le Pressionisme \u00bb, Pinacoth\u00e8que de Paris \u00e0 Singapour.<br \/>Exposition \u00ab Pochettes en stock \u00bb, Galerie Loft 34, Paris.<br \/>Exposition \u00ab Dehors\/Dedans \u00bb, Galerie Wallworks, Paris.<br \/>Exposition \u00ab Le Pressionisme \u00bb Institut Bernard Magrez, Bordeaux<\/p><p><strong>2015 :<\/strong><br \/>Exposition \u00ab Cream time \u00bb, Galerie Green Flowers Art, Boulogne.<br \/>Exposition \u00ab Face au Mur \u00bb, Caserne de Reuilly, Paris.<\/p><p><strong>2014 :<\/strong><br \/>Exposition \u00ab Lazoo\u2019s theme \u00bb, \u00e0 la Belleviloise , Paris.<br \/>Exposition \u00ab Prologue \u00bb , Ath\u00e8nes,<br \/>Exposition \u00ab Ne pas effacer \u00bb, galerie Wallworks, Paris.<\/p><p><strong>2013 :<\/strong><br \/>Exposition \u00ab Off th wall \u00bb, galeire Wallworks, Paris.<br \/>Exposition \u00ab Int\u00e9rieur Rue\u00bb, galerie Wallworks, Paris.<br \/>Exposition SOS Racisme, Palais de Tokyo, Paris.<br \/>Exposition \u00e0 la GFA Biennale du MUBE Museum, Sao Paulo.<br \/>Exposition \u00ab Graffiti &amp; Street art \u00bb, galerie de l\u2019atelier Gustave, Paris.<\/p><p><strong>2012:<\/strong><br \/>Exposition \u00ab City of Gold\u00bb, Galerie Afronova, Johanesburg.<br \/>Exposition \u00ab Fifty-Fifty\u00bb, Galerie Mathgoth, Paris.<br \/>Exposition \u00ab Ne pas effacer\u00bb, Galerie Wallworks, Paris.<\/p><p><strong>2011:<\/strong><br \/>Exposition \u00ab Off the wall\u00bb, Galerie Artspace, Singapour.<br \/>Exposition \u00e0 la D Gallery, Jakarta.<br \/>Exposition \u00abGraffiti Legends in HK\u00bb, galerie Damina, Hong Kong.<br \/>Exposition \u00abEuropa Graffiti\u00bb, Pavillon carr\u00e9 de Baudouin, Paris.<br \/>Exposition \u00e0 la galerie Grayscale, Johanesburg.<br \/>Exposition \u00ab40 ans de pressionnisme\u00bb, Forum Grimaldi Monaco.<\/p><p><strong>2010:<\/strong><br \/>Exposition galerie Wallworks, Paris.<br \/>Exposition No Borders Contemporary Art Gallery, Hong Kong.<br \/>Exposition Wall Street Arts, galerie Salihara, Jakarta.<br \/>Exposition \u00abLettres de noblesse\u00bb au Palais de Tokyo, Paris.<\/p><p><strong>2009 :<\/strong><br \/>Exposition TAG au Grand Palais, Paris.<br \/>Exposition Paris Hip Hop au 104, Paris.<br \/>Exposition GoGallery, Amsterdam.<\/p><p><strong>2003 :<\/strong><br \/>Exposition \u00ab Young Primitives \u00bb, Mus\u00e9e Groeninge, Brugges.<br \/>Exposition, galerie K31, Lahr.<\/p><p><strong>2001 :<\/strong><br \/>Exposition Urban Discipline, Hambourg.<\/p>\t\t\t\t\t\t\t\t<\/div>\n\t\t\t\t<\/div>\n\t\t\t\t\t<\/div>\n\t\t<\/div>\n\t\t\t\t\t<\/div>\n\t\t<\/section>\n\t\t\t\t<section class=\"elementor-section elementor-top-section elementor-element elementor-element-c973e8a elementor-section-boxed elementor-section-height-default elementor-section-height-default\" data-id=\"c973e8a\" data-element_type=\"section\" data-e-type=\"section\">\n\t\t\t\t\t\t<div class=\"elementor-container elementor-column-gap-default\">\n\t\t\t\t\t<div class=\"elementor-column elementor-col-100 elementor-top-column elementor-element elementor-element-badbf3e\" data-id=\"badbf3e\" data-element_type=\"column\" data-e-type=\"column\">\n\t\t\t<div class=\"elementor-widget-wrap elementor-element-populated\">\n\t\t\t\t\t\t<div class=\"elementor-element elementor-element-ca6c380 elementor-widget-divider--view-line elementor-widget elementor-widget-divider\" data-id=\"ca6c380\" data-element_type=\"widget\" data-e-type=\"widget\" data-widget_type=\"divider.default\">\n\t\t\t\t<div class=\"elementor-widget-container\">\n\t\t\t\t\t\t\t<div class=\"elementor-divider\">\n\t\t\t<span class=\"elementor-divider-separator\">\n\t\t\t\t\t\t<\/span>\n\t\t<\/div>\n\t\t\t\t\t\t<\/div>\n\t\t\t\t<\/div>\n\t\t\t\t\t<\/div>\n\t\t<\/div>\n\t\t\t\t\t<\/div>\n\t\t<\/section>\n\t\t\t\t<section class=\"elementor-section elementor-top-section elementor-element elementor-element-9b4aa6e elementor-section-boxed elementor-section-height-default elementor-section-height-default\" data-id=\"9b4aa6e\" data-element_type=\"section\" data-e-type=\"section\">\n\t\t\t\t\t\t<div class=\"elementor-container elementor-column-gap-default\">\n\t\t\t\t\t<div class=\"elementor-column elementor-col-100 elementor-top-column elementor-element elementor-element-084e476\" data-id=\"084e476\" data-element_type=\"column\" data-e-type=\"column\">\n\t\t\t<div class=\"elementor-widget-wrap elementor-element-populated\">\n\t\t\t\t\t\t<div class=\"elementor-element elementor-element-e5ce4d5 elementor-widget elementor-widget-image\" data-id=\"e5ce4d5\" data-element_type=\"widget\" data-e-type=\"widget\" data-widget_type=\"image.default\">\n\t\t\t\t<div class=\"elementor-widget-container\">\n\t\t\t\t\t\t\t\t\t\t\t\t\t\t\t<img decoding=\"async\" width=\"800\" height=\"392\" src=\"https:\/\/yannlazoo.art\/wp-content\/uploads\/2022\/12\/photoProjetsGHANA-1024x502.jpg\" class=\"attachment-large size-large wp-image-1302\" alt=\"\" srcset=\"https:\/\/yannlazoo.art\/wp-content\/uploads\/2022\/12\/photoProjetsGHANA-1024x502.jpg 1024w, https:\/\/yannlazoo.art\/wp-content\/uploads\/2022\/12\/photoProjetsGHANA-300x147.jpg 300w, https:\/\/yannlazoo.art\/wp-content\/uploads\/2022\/12\/photoProjetsGHANA-768x376.jpg 768w, https:\/\/yannlazoo.art\/wp-content\/uploads\/2022\/12\/photoProjetsGHANA-1536x753.jpg 1536w, https:\/\/yannlazoo.art\/wp-content\/uploads\/2022\/12\/photoProjetsGHANA-2048x1004.jpg 2048w\" sizes=\"(max-width: 800px) 100vw, 800px\" \/>\t\t\t\t\t\t\t\t\t\t\t\t\t\t\t<\/div>\n\t\t\t\t<\/div>\n\t\t\t\t\t<\/div>\n\t\t<\/div>\n\t\t\t\t\t<\/div>\n\t\t<\/section>\n\t\t\t\t<section class=\"elementor-section elementor-top-section elementor-element elementor-element-ec1d01e elementor-section-boxed elementor-section-height-default elementor-section-height-default\" data-id=\"ec1d01e\" data-element_type=\"section\" data-e-type=\"section\">\n\t\t\t\t\t\t<div class=\"elementor-container elementor-column-gap-default\">\n\t\t\t\t\t<div class=\"elementor-column elementor-col-33 elementor-top-column elementor-element elementor-element-d01afdc\" data-id=\"d01afdc\" data-element_type=\"column\" data-e-type=\"column\">\n\t\t\t<div class=\"elementor-widget-wrap elementor-element-populated\">\n\t\t\t\t\t\t<div class=\"elementor-element elementor-element-3ebe6ac elementor-widget elementor-widget-heading\" data-id=\"3ebe6ac\" data-element_type=\"widget\" data-e-type=\"widget\" data-widget_type=\"heading.default\">\n\t\t\t\t<div class=\"elementor-widget-container\">\n\t\t\t\t\t<h2 class=\"elementor-heading-title elementor-size-default\"> R\u00e9sidences &amp; projets<\/h2>\t\t\t\t<\/div>\n\t\t\t\t<\/div>\n\t\t\t\t\t<\/div>\n\t\t<\/div>\n\t\t\t\t<div class=\"elementor-column elementor-col-66 elementor-top-column elementor-element elementor-element-f743428\" data-id=\"f743428\" data-element_type=\"column\" data-e-type=\"column\">\n\t\t\t<div class=\"elementor-widget-wrap elementor-element-populated\">\n\t\t\t\t\t\t<div class=\"elementor-element elementor-element-e228adc elementor-widget elementor-widget-text-editor\" data-id=\"e228adc\" data-element_type=\"widget\" data-e-type=\"widget\" data-widget_type=\"text-editor.default\">\n\t\t\t\t<div class=\"elementor-widget-container\">\n\t\t\t\t\t\t\t\t\t<p><strong>2022\u00a0:<\/strong><br \/>Direction artistique du R\u00e9union Graffiti festival<br \/><strong><br \/><\/strong><\/p><p><strong>2021\u00a0:<\/strong><br \/>Direction artistique du festival R\u00e9union Graffiti Festival<br \/><strong><br \/><\/strong><\/p><p><strong>2019\u00a0:<\/strong><br \/>Direction artistique du festival R\u00e9union Graffiti Festival<br \/><strong><br \/><\/strong><\/p><p><strong>2018 :<\/strong><br \/>R\u00e9sidence artistique \u00e0 Tirana, pour l\u2019Ambassade de France en Albanie.<br \/>Cr\u00e9ation d\u2019une fresque murale.<br \/>R\u00e9sidence artistique \u00e0 la Manufacture 111 \u00e0 Bruxelles.<br \/>Direction Artistique du projet de fresques murales pour RDV Hip Hop,<br \/>Paris.<br \/><strong><br \/><\/strong><\/p><p><strong>2017 :<\/strong><br \/>R\u00e9sidence artistique \u00e0 Accra et Kumasi, pour l\u2019Alliance Fran\u00e7aise au<br \/>Ghana.<br \/>Fresque murale pour Yellow Hotels, Jakarta.<br \/>Direction Artistique du projet de fresques murales pour RDV Hip Hop,<br \/>Paris.<br \/><strong><br \/><\/strong><\/p><p><strong>2016 :<\/strong><br \/>Direction Artistique du projet de fresques murales pour RDV Hip Hop,<br \/>Paris.<br \/>R\u00e9sidence artistique \u00e0 Addis Abeba, pour l\u2019Alliance Fran\u00e7aise en<br \/>Ethiopie.<br \/>R\u00e9sidence artistique \u00e0 l\u2019Institut Fran\u00e7ais de Dakar, S\u00e9n\u00e9gal dans le<br \/>cadre du tandem Dakar\/Paris.<br \/>Fresque au 238 boulevard de la Villette, pour la Mairie de Paris.<br \/>Fresque pour la COP21 sur l\u2019Autoroute A6, Gentilly.<br \/>Fresque murale pour l\u2019UEFA, coupe d\u2019Europe, Saint Denis.<br \/><strong><br \/><\/strong><\/p><p><strong>2015 :<\/strong><br \/>Direction Artistique du projet \u00ab Face au mur \u00bb \u00e0 la caserne de Reuilly,<br \/>Paris.<br \/>Peinture sur un Boeing 727, \u00e0 Tunis , Tunisie.<br \/>Direction artistique pour la cr\u00e9ation d\u2019une fresque picturale \u00e0 la Pinacoth\u00e8que<br \/>de Paris \u00e0 Singapour.<br \/><strong><br \/><\/strong><\/p><p><strong>2014 :<\/strong><br \/>R\u00e9sidence artistique au P\u00e9rou, pour l\u2019Alliance Fran\u00e7aise.<br \/><strong><br \/><\/strong><\/p><p><strong>2013 :<\/strong><br \/>R\u00e9sidence artistique au S\u00e9n\u00e9gal pour le CCF de Dakar.<br \/><strong><br \/><\/strong><\/p><p><strong>2009\/2011:<\/strong><br \/>Pr\u00e9sident du festival international de Graffiti Kosmopolite<br \/>Conception et organisation de Kosmo Art Tour, festival de Street Art<br \/>International<\/p><div>\u00a0<\/div>\t\t\t\t\t\t\t\t<\/div>\n\t\t\t\t<\/div>\n\t\t\t\t\t<\/div>\n\t\t<\/div>\n\t\t\t\t\t<\/div>\n\t\t<\/section>\n\t\t\t\t<\/div>\n\t\t","protected":false},"excerpt":{"rendered":"<p>Yann LAZOO Graffiti art, , Illustrations, Direction artistique Photo: G.Kaltakkiran N\u00e9 \u00e0 Paris en 1969, Lazoo a d\u00e9but\u00e9 sa production picturale en 1986. Se reconnaissant dans la figuration narrative , Lazoo a pour sources d\u2019inspirations principales\u00a0\u00a0 l\u2019univers de la bande dessin\u00e9e et de la musique, Il utilise tout d\u2019abord des pochoirs pour recouvrir les murs, [&hellip;]<\/p>\n","protected":false},"author":1,"featured_media":0,"parent":0,"menu_order":0,"comment_status":"closed","ping_status":"closed","template":"elementor_header_footer","meta":{"footnotes":""},"class_list":["post-484","page","type-page","status-publish","hentry"],"_links":{"self":[{"href":"https:\/\/yannlazoo.art\/index.php?rest_route=\/wp\/v2\/pages\/484","targetHints":{"allow":["GET"]}}],"collection":[{"href":"https:\/\/yannlazoo.art\/index.php?rest_route=\/wp\/v2\/pages"}],"about":[{"href":"https:\/\/yannlazoo.art\/index.php?rest_route=\/wp\/v2\/types\/page"}],"author":[{"embeddable":true,"href":"https:\/\/yannlazoo.art\/index.php?rest_route=\/wp\/v2\/users\/1"}],"replies":[{"embeddable":true,"href":"https:\/\/yannlazoo.art\/index.php?rest_route=%2Fwp%2Fv2%2Fcomments&post=484"}],"version-history":[{"count":61,"href":"https:\/\/yannlazoo.art\/index.php?rest_route=\/wp\/v2\/pages\/484\/revisions"}],"predecessor-version":[{"id":1307,"href":"https:\/\/yannlazoo.art\/index.php?rest_route=\/wp\/v2\/pages\/484\/revisions\/1307"}],"wp:attachment":[{"href":"https:\/\/yannlazoo.art\/index.php?rest_route=%2Fwp%2Fv2%2Fmedia&parent=484"}],"curies":[{"name":"wp","href":"https:\/\/api.w.org\/{rel}","templated":true}]}}