{"id":819,"date":"2022-11-30T19:20:33","date_gmt":"2022-11-30T18:20:33","guid":{"rendered":"https:\/\/yannlazoo.art\/?page_id=819"},"modified":"2022-12-17T14:47:17","modified_gmt":"2022-12-17T13:47:17","slug":"portraits","status":"publish","type":"page","link":"https:\/\/yannlazoo.art\/?page_id=819","title":{"rendered":"Portraits"},"content":{"rendered":"\t\t<div data-elementor-type=\"wp-page\" data-elementor-id=\"819\" class=\"elementor elementor-819\" data-elementor-post-type=\"page\">\n\t\t\t\t\t\t<section class=\"elementor-section elementor-top-section elementor-element elementor-element-6f80229 elementor-section-boxed elementor-section-height-default elementor-section-height-default\" data-id=\"6f80229\" data-element_type=\"section\" data-e-type=\"section\">\n\t\t\t\t\t\t<div class=\"elementor-container elementor-column-gap-default\">\n\t\t\t\t\t<div class=\"elementor-column elementor-col-100 elementor-top-column elementor-element elementor-element-bae2702\" data-id=\"bae2702\" data-element_type=\"column\" data-e-type=\"column\">\n\t\t\t<div class=\"elementor-widget-wrap elementor-element-populated\">\n\t\t\t\t\t\t<div class=\"elementor-element elementor-element-b409dc8 elementor-widget elementor-widget-spacer\" data-id=\"b409dc8\" data-element_type=\"widget\" data-e-type=\"widget\" data-widget_type=\"spacer.default\">\n\t\t\t\t<div class=\"elementor-widget-container\">\n\t\t\t\t\t\t\t<div class=\"elementor-spacer\">\n\t\t\t<div class=\"elementor-spacer-inner\"><\/div>\n\t\t<\/div>\n\t\t\t\t\t\t<\/div>\n\t\t\t\t<\/div>\n\t\t\t\t\t<\/div>\n\t\t<\/div>\n\t\t\t\t\t<\/div>\n\t\t<\/section>\n\t\t\t\t<section class=\"elementor-section elementor-top-section elementor-element elementor-element-5b9586e elementor-section-boxed elementor-section-height-default elementor-section-height-default\" data-id=\"5b9586e\" data-element_type=\"section\" data-e-type=\"section\">\n\t\t\t\t\t\t<div class=\"elementor-container elementor-column-gap-default\">\n\t\t\t\t\t<div class=\"elementor-column elementor-col-100 elementor-top-column elementor-element elementor-element-dc00f14\" data-id=\"dc00f14\" data-element_type=\"column\" data-e-type=\"column\">\n\t\t\t<div class=\"elementor-widget-wrap elementor-element-populated\">\n\t\t\t\t\t\t<div class=\"elementor-element elementor-element-e28b84e elementor-widget elementor-widget-heading\" data-id=\"e28b84e\" data-element_type=\"widget\" data-e-type=\"widget\" data-widget_type=\"heading.default\">\n\t\t\t\t<div class=\"elementor-widget-container\">\n\t\t\t\t\t<h2 class=\"elementor-heading-title elementor-size-default\">Portraits<\/h2>\t\t\t\t<\/div>\n\t\t\t\t<\/div>\n\t\t\t\t<div class=\"elementor-element elementor-element-b180978 elementor-widget-divider--view-line elementor-widget elementor-widget-divider\" data-id=\"b180978\" data-element_type=\"widget\" data-e-type=\"widget\" data-widget_type=\"divider.default\">\n\t\t\t\t<div class=\"elementor-widget-container\">\n\t\t\t\t\t\t\t<div class=\"elementor-divider\">\n\t\t\t<span class=\"elementor-divider-separator\">\n\t\t\t\t\t\t<\/span>\n\t\t<\/div>\n\t\t\t\t\t\t<\/div>\n\t\t\t\t<\/div>\n\t\t\t\t\t<\/div>\n\t\t<\/div>\n\t\t\t\t\t<\/div>\n\t\t<\/section>\n\t\t\t\t<section class=\"elementor-section elementor-top-section elementor-element elementor-element-f139f53 elementor-section-boxed elementor-section-height-default elementor-section-height-default\" data-id=\"f139f53\" data-element_type=\"section\" data-e-type=\"section\">\n\t\t\t\t\t\t<div class=\"elementor-container elementor-column-gap-default\">\n\t\t\t\t\t<div class=\"elementor-column elementor-col-100 elementor-top-column elementor-element elementor-element-9d75a8b\" data-id=\"9d75a8b\" data-element_type=\"column\" data-e-type=\"column\">\n\t\t\t<div class=\"elementor-widget-wrap elementor-element-populated\">\n\t\t\t\t\t\t<div class=\"elementor-element elementor-element-d0aae5d elementor-widget elementor-widget-text-editor\" data-id=\"d0aae5d\" data-element_type=\"widget\" data-e-type=\"widget\" data-widget_type=\"text-editor.default\">\n\t\t\t\t<div class=\"elementor-widget-container\">\n\t\t\t\t\t\t\t\t\t<p class=\"western\" align=\"left\"><span style=\"font-family: ArialMT, sans-serif;\"><span style=\"font-size: small;\">Parmi toutes les \u0153uvres peintes sur toile, les portraits ont une place \u00e0 part. Terrain d\u2019exp\u00e9rimentation avec la s\u00e9rie <strong>\u00ab\u00a0Drippin\u2019\u00a0\u00bb<\/strong>, les portraits repr\u00e9sentent une part non n\u00e9gligeable des \u0153uvres produites par l\u2019artiste. Certains portraits peuvent r\u00e9alis\u00e9s sur demande, pour cela faire une demande via la messagerie. <\/span><\/span><\/p>\t\t\t\t\t\t\t\t<\/div>\n\t\t\t\t<\/div>\n\t\t\t\t<div class=\"elementor-element elementor-element-40d324f elementor-widget elementor-widget-spacer\" data-id=\"40d324f\" data-element_type=\"widget\" data-e-type=\"widget\" data-widget_type=\"spacer.default\">\n\t\t\t\t<div class=\"elementor-widget-container\">\n\t\t\t\t\t\t\t<div class=\"elementor-spacer\">\n\t\t\t<div class=\"elementor-spacer-inner\"><\/div>\n\t\t<\/div>\n\t\t\t\t\t\t<\/div>\n\t\t\t\t<\/div>\n\t\t\t\t<div class=\"elementor-element elementor-element-30beeae elementor-widget elementor-widget-gallery\" data-id=\"30beeae\" data-element_type=\"widget\" data-e-type=\"widget\" data-settings=\"{&quot;gallery_layout&quot;:&quot;masonry&quot;,&quot;gap&quot;:{&quot;unit&quot;:&quot;px&quot;,&quot;size&quot;:20,&quot;sizes&quot;:[]},&quot;lazyload&quot;:&quot;yes&quot;,&quot;columns&quot;:4,&quot;columns_tablet&quot;:2,&quot;columns_mobile&quot;:1,&quot;gap_tablet&quot;:{&quot;unit&quot;:&quot;px&quot;,&quot;size&quot;:10,&quot;sizes&quot;:[]},&quot;gap_mobile&quot;:{&quot;unit&quot;:&quot;px&quot;,&quot;size&quot;:10,&quot;sizes&quot;:[]},&quot;link_to&quot;:&quot;file&quot;,&quot;overlay_background&quot;:&quot;yes&quot;,&quot;content_hover_animation&quot;:&quot;fade-in&quot;}\" data-widget_type=\"gallery.default\">\n\t\t\t\t<div class=\"elementor-widget-container\">\n\t\t\t\t\t\t\t<div class=\"elementor-gallery__container\">\n\t\t\t\t\t\t\t<a class=\"e-gallery-item elementor-gallery-item elementor-animated-content\" href=\"https:\/\/yannlazoo.art\/wp-content\/uploads\/2022\/11\/drippinJimmy.jpg\" data-elementor-open-lightbox=\"yes\" data-elementor-lightbox-slideshow=\"30beeae\" data-elementor-lightbox-title=\"drippinJimmy\" data-e-action-hash=\"#elementor-action%3Aaction%3Dlightbox%26settings%3DeyJpZCI6MTcxLCJ1cmwiOiJodHRwczpcL1wveWFubmxhem9vLmFydFwvd3AtY29udGVudFwvdXBsb2Fkc1wvMjAyMlwvMTFcL2RyaXBwaW5KaW1teS5qcGciLCJzbGlkZXNob3ciOiIzMGJlZWFlIn0%3D\">\n\t\t\t\t\t<div class=\"e-gallery-image elementor-gallery-item__image\" data-thumbnail=\"https:\/\/yannlazoo.art\/wp-content\/uploads\/2022\/11\/drippinJimmy-768x766.jpg\" data-width=\"768\" data-height=\"766\" aria-label=\"\" role=\"img\" ><\/div>\n\t\t\t\t\t\t\t\t\t\t\t<div class=\"elementor-gallery-item__overlay\"><\/div>\n\t\t\t\t\t\t\t\t\t\t\t\t\t\t<\/a>\n\t\t\t\t\t\t\t<a class=\"e-gallery-item elementor-gallery-item elementor-animated-content\" href=\"https:\/\/yannlazoo.art\/wp-content\/uploads\/2022\/11\/notorious.jpg\" data-elementor-open-lightbox=\"yes\" data-elementor-lightbox-slideshow=\"30beeae\" data-elementor-lightbox-title=\"notorious\" data-e-action-hash=\"#elementor-action%3Aaction%3Dlightbox%26settings%3DeyJpZCI6MTY0LCJ1cmwiOiJodHRwczpcL1wveWFubmxhem9vLmFydFwvd3AtY29udGVudFwvdXBsb2Fkc1wvMjAyMlwvMTFcL25vdG9yaW91cy5qcGciLCJzbGlkZXNob3ciOiIzMGJlZWFlIn0%3D\">\n\t\t\t\t\t<div class=\"e-gallery-image elementor-gallery-item__image\" data-thumbnail=\"https:\/\/yannlazoo.art\/wp-content\/uploads\/2022\/11\/notorious.jpg\" data-width=\"445\" data-height=\"450\" aria-label=\"\" role=\"img\" ><\/div>\n\t\t\t\t\t\t\t\t\t\t\t<div class=\"elementor-gallery-item__overlay\"><\/div>\n\t\t\t\t\t\t\t\t\t\t\t\t\t\t<\/a>\n\t\t\t\t\t\t\t<a class=\"e-gallery-item elementor-gallery-item elementor-animated-content\" href=\"https:\/\/yannlazoo.art\/wp-content\/uploads\/2022\/11\/Pedro.jpg\" data-elementor-open-lightbox=\"yes\" data-elementor-lightbox-slideshow=\"30beeae\" data-elementor-lightbox-title=\"Pedro\" data-e-action-hash=\"#elementor-action%3Aaction%3Dlightbox%26settings%3DeyJpZCI6MTY2LCJ1cmwiOiJodHRwczpcL1wveWFubmxhem9vLmFydFwvd3AtY29udGVudFwvdXBsb2Fkc1wvMjAyMlwvMTFcL1BlZHJvLmpwZyIsInNsaWRlc2hvdyI6IjMwYmVlYWUifQ%3D%3D\">\n\t\t\t\t\t<div class=\"e-gallery-image elementor-gallery-item__image\" data-thumbnail=\"https:\/\/yannlazoo.art\/wp-content\/uploads\/2022\/11\/Pedro-768x589.jpg\" data-width=\"768\" data-height=\"589\" aria-label=\"\" role=\"img\" ><\/div>\n\t\t\t\t\t\t\t\t\t\t\t<div class=\"elementor-gallery-item__overlay\"><\/div>\n\t\t\t\t\t\t\t\t\t\t\t\t\t\t<\/a>\n\t\t\t\t\t\t\t<a class=\"e-gallery-item elementor-gallery-item elementor-animated-content\" href=\"https:\/\/yannlazoo.art\/wp-content\/uploads\/2022\/11\/IMG_20160212_183211.jpg\" data-elementor-open-lightbox=\"yes\" data-elementor-lightbox-slideshow=\"30beeae\" data-elementor-lightbox-title=\"IMG_20160212_183211\" data-e-action-hash=\"#elementor-action%3Aaction%3Dlightbox%26settings%3DeyJpZCI6MTU0LCJ1cmwiOiJodHRwczpcL1wveWFubmxhem9vLmFydFwvd3AtY29udGVudFwvdXBsb2Fkc1wvMjAyMlwvMTFcL0lNR18yMDE2MDIxMl8xODMyMTEuanBnIiwic2xpZGVzaG93IjoiMzBiZWVhZSJ9\">\n\t\t\t\t\t<div class=\"e-gallery-image elementor-gallery-item__image\" data-thumbnail=\"https:\/\/yannlazoo.art\/wp-content\/uploads\/2022\/11\/IMG_20160212_183211.jpg\" data-width=\"446\" data-height=\"446\" aria-label=\"\" role=\"img\" ><\/div>\n\t\t\t\t\t\t\t\t\t\t\t<div class=\"elementor-gallery-item__overlay\"><\/div>\n\t\t\t\t\t\t\t\t\t\t\t\t\t\t<\/a>\n\t\t\t\t\t\t\t<a class=\"e-gallery-item elementor-gallery-item elementor-animated-content\" href=\"https:\/\/yannlazoo.art\/wp-content\/uploads\/2022\/11\/Frankenstyle.jpg\" data-elementor-open-lightbox=\"yes\" data-elementor-lightbox-slideshow=\"30beeae\" data-elementor-lightbox-title=\"Frankenstyle\" data-e-action-hash=\"#elementor-action%3Aaction%3Dlightbox%26settings%3DeyJpZCI6MTUzLCJ1cmwiOiJodHRwczpcL1wveWFubmxhem9vLmFydFwvd3AtY29udGVudFwvdXBsb2Fkc1wvMjAyMlwvMTFcL0ZyYW5rZW5zdHlsZS5qcGciLCJzbGlkZXNob3ciOiIzMGJlZWFlIn0%3D\">\n\t\t\t\t\t<div class=\"e-gallery-image elementor-gallery-item__image\" data-thumbnail=\"https:\/\/yannlazoo.art\/wp-content\/uploads\/2022\/11\/Frankenstyle-768x760.jpg\" data-width=\"768\" data-height=\"760\" aria-label=\"\" role=\"img\" ><\/div>\n\t\t\t\t\t\t\t\t\t\t\t<div class=\"elementor-gallery-item__overlay\"><\/div>\n\t\t\t\t\t\t\t\t\t\t\t\t\t\t<\/a>\n\t\t\t\t\t\t\t<a class=\"e-gallery-item elementor-gallery-item elementor-animated-content\" href=\"https:\/\/yannlazoo.art\/wp-content\/uploads\/2022\/11\/Drippin-Zapata-scaled.jpg\" data-elementor-open-lightbox=\"yes\" data-elementor-lightbox-slideshow=\"30beeae\" data-elementor-lightbox-title=\"Drippin Zapata\" data-e-action-hash=\"#elementor-action%3Aaction%3Dlightbox%26settings%3DeyJpZCI6MTUyLCJ1cmwiOiJodHRwczpcL1wveWFubmxhem9vLmFydFwvd3AtY29udGVudFwvdXBsb2Fkc1wvMjAyMlwvMTFcL0RyaXBwaW4tWmFwYXRhLXNjYWxlZC5qcGciLCJzbGlkZXNob3ciOiIzMGJlZWFlIn0%3D\">\n\t\t\t\t\t<div class=\"e-gallery-image elementor-gallery-item__image\" data-thumbnail=\"https:\/\/yannlazoo.art\/wp-content\/uploads\/2022\/11\/Drippin-Zapata-768x910.jpg\" data-width=\"768\" data-height=\"910\" aria-label=\"\" role=\"img\" ><\/div>\n\t\t\t\t\t\t\t\t\t\t\t<div class=\"elementor-gallery-item__overlay\"><\/div>\n\t\t\t\t\t\t\t\t\t\t\t\t\t\t<\/a>\n\t\t\t\t\t\t\t<a class=\"e-gallery-item elementor-gallery-item elementor-animated-content\" href=\"https:\/\/yannlazoo.art\/wp-content\/uploads\/2022\/11\/Drippin-Frida-scaled.jpg\" data-elementor-open-lightbox=\"yes\" data-elementor-lightbox-slideshow=\"30beeae\" data-elementor-lightbox-title=\"Drippin Frida\" data-e-action-hash=\"#elementor-action%3Aaction%3Dlightbox%26settings%3DeyJpZCI6MTUxLCJ1cmwiOiJodHRwczpcL1wveWFubmxhem9vLmFydFwvd3AtY29udGVudFwvdXBsb2Fkc1wvMjAyMlwvMTFcL0RyaXBwaW4tRnJpZGEtc2NhbGVkLmpwZyIsInNsaWRlc2hvdyI6IjMwYmVlYWUifQ%3D%3D\">\n\t\t\t\t\t<div class=\"e-gallery-image elementor-gallery-item__image\" data-thumbnail=\"https:\/\/yannlazoo.art\/wp-content\/uploads\/2022\/11\/Drippin-Frida-768x923.jpg\" data-width=\"768\" data-height=\"923\" aria-label=\"\" role=\"img\" ><\/div>\n\t\t\t\t\t\t\t\t\t\t\t<div class=\"elementor-gallery-item__overlay\"><\/div>\n\t\t\t\t\t\t\t\t\t\t\t\t\t\t<\/a>\n\t\t\t\t\t\t\t<a class=\"e-gallery-item elementor-gallery-item elementor-animated-content\" href=\"https:\/\/yannlazoo.art\/wp-content\/uploads\/2022\/11\/Drippin-Basquiat-scaled.jpg\" data-elementor-open-lightbox=\"yes\" data-elementor-lightbox-slideshow=\"30beeae\" data-elementor-lightbox-title=\"Drippin Basquiat\" data-e-action-hash=\"#elementor-action%3Aaction%3Dlightbox%26settings%3DeyJpZCI6MTUwLCJ1cmwiOiJodHRwczpcL1wveWFubmxhem9vLmFydFwvd3AtY29udGVudFwvdXBsb2Fkc1wvMjAyMlwvMTFcL0RyaXBwaW4tQmFzcXVpYXQtc2NhbGVkLmpwZyIsInNsaWRlc2hvdyI6IjMwYmVlYWUifQ%3D%3D\">\n\t\t\t\t\t<div class=\"e-gallery-image elementor-gallery-item__image\" data-thumbnail=\"https:\/\/yannlazoo.art\/wp-content\/uploads\/2022\/11\/Drippin-Basquiat-768x1073.jpg\" data-width=\"768\" data-height=\"1073\" aria-label=\"\" role=\"img\" ><\/div>\n\t\t\t\t\t\t\t\t\t\t\t<div class=\"elementor-gallery-item__overlay\"><\/div>\n\t\t\t\t\t\t\t\t\t\t\t\t\t\t<\/a>\n\t\t\t\t\t\t\t<a class=\"e-gallery-item elementor-gallery-item elementor-animated-content\" href=\"https:\/\/yannlazoo.art\/wp-content\/uploads\/2022\/11\/Berlioz-scaled.jpg\" data-elementor-open-lightbox=\"yes\" data-elementor-lightbox-slideshow=\"30beeae\" data-elementor-lightbox-title=\"Berlioz\" data-e-action-hash=\"#elementor-action%3Aaction%3Dlightbox%26settings%3DeyJpZCI6MTQ1LCJ1cmwiOiJodHRwczpcL1wveWFubmxhem9vLmFydFwvd3AtY29udGVudFwvdXBsb2Fkc1wvMjAyMlwvMTFcL0Jlcmxpb3otc2NhbGVkLmpwZyIsInNsaWRlc2hvdyI6IjMwYmVlYWUifQ%3D%3D\">\n\t\t\t\t\t<div class=\"e-gallery-image elementor-gallery-item__image\" data-thumbnail=\"https:\/\/yannlazoo.art\/wp-content\/uploads\/2022\/11\/Berlioz-768x752.jpg\" data-width=\"768\" data-height=\"752\" aria-label=\"\" role=\"img\" ><\/div>\n\t\t\t\t\t\t\t\t\t\t\t<div class=\"elementor-gallery-item__overlay\"><\/div>\n\t\t\t\t\t\t\t\t\t\t\t\t\t\t<\/a>\n\t\t\t\t\t\t\t<a class=\"e-gallery-item elementor-gallery-item elementor-animated-content\" href=\"https:\/\/yannlazoo.art\/wp-content\/uploads\/2022\/11\/DAKARZeyna-scaled.jpg\" data-elementor-open-lightbox=\"yes\" data-elementor-lightbox-slideshow=\"30beeae\" data-elementor-lightbox-title=\"DAKARZeyna\" data-e-action-hash=\"#elementor-action%3Aaction%3Dlightbox%26settings%3DeyJpZCI6MTQ5LCJ1cmwiOiJodHRwczpcL1wveWFubmxhem9vLmFydFwvd3AtY29udGVudFwvdXBsb2Fkc1wvMjAyMlwvMTFcL0RBS0FSWmV5bmEtc2NhbGVkLmpwZyIsInNsaWRlc2hvdyI6IjMwYmVlYWUifQ%3D%3D\">\n\t\t\t\t\t<div class=\"e-gallery-image elementor-gallery-item__image\" data-thumbnail=\"https:\/\/yannlazoo.art\/wp-content\/uploads\/2022\/11\/DAKARZeyna-768x768.jpg\" data-width=\"768\" data-height=\"768\" aria-label=\"\" role=\"img\" ><\/div>\n\t\t\t\t\t\t\t\t\t\t\t<div class=\"elementor-gallery-item__overlay\"><\/div>\n\t\t\t\t\t\t\t\t\t\t\t\t\t\t<\/a>\n\t\t\t\t\t<\/div>\n\t\t\t\t\t<\/div>\n\t\t\t\t<\/div>\n\t\t\t\t\t<\/div>\n\t\t<\/div>\n\t\t\t\t\t<\/div>\n\t\t<\/section>\n\t\t\t\t<\/div>\n\t\t","protected":false},"excerpt":{"rendered":"<p>Portraits Parmi toutes les \u0153uvres peintes sur toile, les portraits ont une place \u00e0 part. Terrain d\u2019exp\u00e9rimentation avec la s\u00e9rie \u00ab\u00a0Drippin\u2019\u00a0\u00bb, les portraits repr\u00e9sentent une part non n\u00e9gligeable des \u0153uvres produites par l\u2019artiste. Certains portraits peuvent r\u00e9alis\u00e9s sur demande, pour cela faire une demande via la messagerie.<\/p>\n","protected":false},"author":1,"featured_media":0,"parent":0,"menu_order":0,"comment_status":"closed","ping_status":"closed","template":"elementor_header_footer","meta":{"footnotes":""},"class_list":["post-819","page","type-page","status-publish","hentry"],"_links":{"self":[{"href":"https:\/\/yannlazoo.art\/index.php?rest_route=\/wp\/v2\/pages\/819","targetHints":{"allow":["GET"]}}],"collection":[{"href":"https:\/\/yannlazoo.art\/index.php?rest_route=\/wp\/v2\/pages"}],"about":[{"href":"https:\/\/yannlazoo.art\/index.php?rest_route=\/wp\/v2\/types\/page"}],"author":[{"embeddable":true,"href":"https:\/\/yannlazoo.art\/index.php?rest_route=\/wp\/v2\/users\/1"}],"replies":[{"embeddable":true,"href":"https:\/\/yannlazoo.art\/index.php?rest_route=%2Fwp%2Fv2%2Fcomments&post=819"}],"version-history":[{"count":13,"href":"https:\/\/yannlazoo.art\/index.php?rest_route=\/wp\/v2\/pages\/819\/revisions"}],"predecessor-version":[{"id":1725,"href":"https:\/\/yannlazoo.art\/index.php?rest_route=\/wp\/v2\/pages\/819\/revisions\/1725"}],"wp:attachment":[{"href":"https:\/\/yannlazoo.art\/index.php?rest_route=%2Fwp%2Fv2%2Fmedia&parent=819"}],"curies":[{"name":"wp","href":"https:\/\/api.w.org\/{rel}","templated":true}]}}